{"id":1192,"date":"2024-03-12T21:18:28","date_gmt":"2024-03-12T20:18:28","guid":{"rendered":"https:\/\/shyrispro.com\/?page_id=1192"},"modified":"2024-04-15T22:55:45","modified_gmt":"2024-04-15T20:55:45","slug":"sumideros-para-dispensadores-de-co","status":"publish","type":"page","link":"https:\/\/shyrispro.com\/index.php\/sumideros-para-dispensadores-de-co\/","title":{"rendered":"Sumideros para dispensadores de co"},"content":{"rendered":"\t\t<div data-elementor-type=\"wp-page\" data-elementor-id=\"1192\" class=\"elementor elementor-1192\" data-elementor-post-type=\"page\">\n\t\t\t\t<div class=\"elementor-element elementor-element-4262a7ca e-flex e-con-boxed e-con e-parent\" data-id=\"4262a7ca\" data-element_type=\"container\" data-settings=\"{&quot;background_background&quot;:&quot;classic&quot;,&quot;shape_divider_bottom&quot;:&quot;pyramids&quot;}\">\n\t\t\t\t\t<div class=\"e-con-inner\">\n\t\t\t\t<div class=\"elementor-shape elementor-shape-bottom\" data-negative=\"false\">\n\t\t\t<svg xmlns=\"http:\/\/www.w3.org\/2000\/svg\" viewBox=\"0 0 1000 100\" preserveAspectRatio=\"none\">\n\t<path class=\"elementor-shape-fill\" d=\"M761.9,44.1L643.1,27.2L333.8,98L0,3.8V0l1000,0v3.9\"\/>\n<\/svg>\t\t<\/div>\n\t\t\t\t<div class=\"elementor-element elementor-element-121b8685 elementor-widget elementor-widget-heading\" data-id=\"121b8685\" data-element_type=\"widget\" data-widget_type=\"heading.default\">\n\t\t\t\t<div class=\"elementor-widget-container\">\n\t\t\t\t\t<h1 class=\"elementor-heading-title elementor-size-default\">Sumideros para dispensadores de combustibles<\/h1>\t\t\t\t<\/div>\n\t\t\t\t<\/div>\n\t\t\t\t\t<\/div>\n\t\t\t\t<\/div>\n\t\t<div class=\"elementor-element elementor-element-7ebcb88c e-flex e-con-boxed e-con e-parent\" data-id=\"7ebcb88c\" data-element_type=\"container\" data-settings=\"{&quot;background_background&quot;:&quot;classic&quot;}\">\n\t\t\t\t\t<div class=\"e-con-inner\">\n\t\t<div class=\"elementor-element elementor-element-1884e880 e-con-full e-flex e-con e-child\" data-id=\"1884e880\" data-element_type=\"container\">\n\t\t\t\t<div class=\"elementor-element elementor-element-4114a87e elementor-widget elementor-widget-gallery\" data-id=\"4114a87e\" data-element_type=\"widget\" data-settings=\"{&quot;gallery_layout&quot;:&quot;masonry&quot;,&quot;columns&quot;:1,&quot;lazyload&quot;:&quot;yes&quot;,&quot;columns_tablet&quot;:2,&quot;columns_mobile&quot;:1,&quot;gap&quot;:{&quot;unit&quot;:&quot;px&quot;,&quot;size&quot;:10,&quot;sizes&quot;:[]},&quot;gap_tablet&quot;:{&quot;unit&quot;:&quot;px&quot;,&quot;size&quot;:10,&quot;sizes&quot;:[]},&quot;gap_mobile&quot;:{&quot;unit&quot;:&quot;px&quot;,&quot;size&quot;:10,&quot;sizes&quot;:[]},&quot;link_to&quot;:&quot;file&quot;,&quot;overlay_background&quot;:&quot;yes&quot;,&quot;content_hover_animation&quot;:&quot;fade-in&quot;}\" data-widget_type=\"gallery.default\">\n\t\t\t\t<div class=\"elementor-widget-container\">\n\t\t\t\t\t\t\t<div class=\"elementor-gallery__container\">\n\t\t\t\t\t\t\t<a class=\"e-gallery-item elementor-gallery-item elementor-animated-content\" href=\"https:\/\/shyrispro.com\/wp-content\/uploads\/2024\/02\/sin-nombre.png\" data-elementor-open-lightbox=\"yes\" data-elementor-lightbox-slideshow=\"4114a87e\" data-elementor-lightbox-title=\"SUMIDEROS PARA DISPENSADORES DE COMBUSTIBLES\" data-e-action-hash=\"#elementor-action%3Aaction%3Dlightbox%26settings%3DeyJpZCI6NDQ1LCJ1cmwiOiJodHRwczpcL1wvc2h5cmlzcHJvLmNvbVwvd3AtY29udGVudFwvdXBsb2Fkc1wvMjAyNFwvMDJcL3Npbi1ub21icmUucG5nIiwic2xpZGVzaG93IjoiNDExNGE4N2UifQ%3D%3D\">\n\t\t\t\t\t<div class=\"e-gallery-image elementor-gallery-item__image\" data-thumbnail=\"https:\/\/shyrispro.com\/wp-content\/uploads\/2024\/02\/sin-nombre.png\" data-width=\"1080\" data-height=\"1080\" aria-label=\"SUMIDEROS PARA DISPENSADORES DE COMBUSTIBLES\" role=\"img\" ><\/div>\n\t\t\t\t\t\t\t\t\t\t\t<div class=\"elementor-gallery-item__overlay\"><\/div>\n\t\t\t\t\t\t\t\t\t\t\t\t\t\t<\/a>\n\t\t\t\t\t\t\t<a class=\"e-gallery-item elementor-gallery-item elementor-animated-content\" href=\"https:\/\/shyrispro.com\/wp-content\/uploads\/2024\/03\/sin-nombre-2.png\" data-elementor-open-lightbox=\"yes\" data-elementor-lightbox-slideshow=\"4114a87e\" data-elementor-lightbox-title=\"Sumideros para dispensadores de combustibles\" data-e-action-hash=\"#elementor-action%3Aaction%3Dlightbox%26settings%3DeyJpZCI6MTE5MywidXJsIjoiaHR0cHM6XC9cL3NoeXJpc3Byby5jb21cL3dwLWNvbnRlbnRcL3VwbG9hZHNcLzIwMjRcLzAzXC9zaW4tbm9tYnJlLTIucG5nIiwic2xpZGVzaG93IjoiNDExNGE4N2UifQ%3D%3D\">\n\t\t\t\t\t<div class=\"e-gallery-image elementor-gallery-item__image\" data-thumbnail=\"https:\/\/shyrispro.com\/wp-content\/uploads\/2024\/03\/sin-nombre-2.png\" data-width=\"1080\" data-height=\"1080\" aria-label=\"Sumideros para dispensadores de combustibles\" role=\"img\" ><\/div>\n\t\t\t\t\t\t\t\t\t\t\t<div class=\"elementor-gallery-item__overlay\"><\/div>\n\t\t\t\t\t\t\t\t\t\t\t\t\t\t<\/a>\n\t\t\t\t\t<\/div>\n\t\t\t\t\t<\/div>\n\t\t\t\t<\/div>\n\t\t\t\t<\/div>\n\t\t<div class=\"elementor-element elementor-element-3d9febe2 e-con-full e-flex e-con e-child\" data-id=\"3d9febe2\" data-element_type=\"container\">\n\t\t\t\t<div class=\"elementor-element elementor-element-5854ab68 elementor-widget elementor-widget-heading\" data-id=\"5854ab68\" data-element_type=\"widget\" data-widget_type=\"heading.default\">\n\t\t\t\t<div class=\"elementor-widget-container\">\n\t\t\t\t\t<h2 class=\"elementor-heading-title elementor-size-default\">Sumideros para dispensadores de combustibles<\/h2>\t\t\t\t<\/div>\n\t\t\t\t<\/div>\n\t\t\t\t<div class=\"elementor-element elementor-element-15cfbde7 elementor-widget elementor-widget-text-editor\" data-id=\"15cfbde7\" data-element_type=\"widget\" data-widget_type=\"text-editor.default\">\n\t\t\t\t<div class=\"elementor-widget-container\">\n\t\t\t\t\t\t\t\t\t<p>Los sumideros para dispensadores de combustibles son dispositivos dise\u00f1ados para recoger y drenar l\u00edquidos derramados o excesos de combustible que puedan ocurrir durante el proceso de abastecimiento en estaciones de servicio u otras instalaciones similares. A continuaci\u00f3n, te proporciono una descripci\u00f3n detallada de este producto:<\/p><ol><li><p><strong>Funci\u00f3n Principal<\/strong>: Los sumideros para dispensadores de combustibles act\u00faan como recept\u00e1culos que recogen cualquier l\u00edquido derramado durante el proceso de abastecimiento de combustible en los dispensadores. Esto ayuda a prevenir la contaminaci\u00f3n del suelo y la acumulaci\u00f3n de l\u00edquidos en la superficie.<\/p><\/li><li><p><strong>Dise\u00f1o Especializado<\/strong>: Estos sumideros est\u00e1n dise\u00f1ados espec\u00edficamente para adaptarse a la base de los dispensadores de combustibles, proporcionando un ajuste preciso y seguro para recoger eficientemente cualquier derrame o exceso de l\u00edquido.<\/p><\/li><li><p><strong>Materiales Resistentes<\/strong>: Fabricados con materiales duraderos y resistentes a la corrosi\u00f3n, como acero inoxidable o pl\u00e1stico reforzado, los sumideros para dispensadores de combustibles est\u00e1n dise\u00f1ados para soportar las condiciones adversas presentes en entornos de estaciones de servicio, incluyendo exposici\u00f3n a productos qu\u00edmicos y cambios clim\u00e1ticos.<\/p><\/li><li><p><strong>Drenaje Eficiente<\/strong>: Estos sumideros est\u00e1n equipados con sistemas de drenaje que permiten la evacuaci\u00f3n segura y eficiente de los l\u00edquidos recogidos, evitando la acumulaci\u00f3n de agua estancada y facilitando la limpieza y el mantenimiento del \u00e1rea circundante.<\/p><\/li><li><p><strong>Cumplimiento Normativo<\/strong>: Los sumideros para dispensadores de combustibles suelen cumplir con regulaciones y est\u00e1ndares espec\u00edficos de seguridad y medio ambiente, garantizando su adecuaci\u00f3n para su uso en aplicaciones comerciales e industriales y cumpliendo con las normativas locales y nacionales.<\/p><\/li><li><p><strong>F\u00e1cil Instalaci\u00f3n y Mantenimiento<\/strong>: Estos sumideros suelen ser f\u00e1ciles de instalar y requieren poco mantenimiento una vez en funcionamiento. Esto ayuda a minimizar el tiempo de inactividad y los costos asociados con la instalaci\u00f3n y mantenimiento de sistemas de recolecci\u00f3n de l\u00edquidos.<\/p><\/li><\/ol>\t\t\t\t\t\t\t\t<\/div>\n\t\t\t\t<\/div>\n\t\t\t\t<div class=\"elementor-element elementor-element-1cde5993 elementor-mobile-align-center elementor-tablet-align-center elementor-widget elementor-widget-button\" data-id=\"1cde5993\" data-element_type=\"widget\" data-widget_type=\"button.default\">\n\t\t\t\t<div class=\"elementor-widget-container\">\n\t\t\t\t\t\t\t\t\t<div class=\"elementor-button-wrapper\">\n\t\t\t\t\t<a class=\"elementor-button elementor-button-link elementor-size-sm\" href=\"#\">\n\t\t\t\t\t\t<span class=\"elementor-button-content-wrapper\">\n\t\t\t\t\t\t\t\t\t<span class=\"elementor-button-text\">Comprar<\/span>\n\t\t\t\t\t<\/span>\n\t\t\t\t\t<\/a>\n\t\t\t\t<\/div>\n\t\t\t\t\t\t\t\t<\/div>\n\t\t\t\t<\/div>\n\t\t\t\t<\/div>\n\t\t\t\t\t<\/div>\n\t\t\t\t<\/div>\n\t\t<div class=\"elementor-element elementor-element-f8dd3ee e-flex e-con-boxed e-con e-parent\" data-id=\"f8dd3ee\" data-element_type=\"container\" data-settings=\"{&quot;background_background&quot;:&quot;classic&quot;}\">\n\t\t\t\t\t<div class=\"e-con-inner\">\n\t\t\t\t<div class=\"elementor-element elementor-element-1b7c494 elementor-arrows-position-inside elementor-pagination-position-outside elementor-widget elementor-widget-image-carousel\" data-id=\"1b7c494\" data-element_type=\"widget\" data-settings=\"{&quot;slides_to_show&quot;:&quot;3&quot;,&quot;slides_to_scroll&quot;:&quot;3&quot;,&quot;image_spacing_custom&quot;:{&quot;unit&quot;:&quot;px&quot;,&quot;size&quot;:100,&quot;sizes&quot;:[]},&quot;navigation&quot;:&quot;both&quot;,&quot;autoplay&quot;:&quot;yes&quot;,&quot;pause_on_hover&quot;:&quot;yes&quot;,&quot;pause_on_interaction&quot;:&quot;yes&quot;,&quot;autoplay_speed&quot;:5000,&quot;infinite&quot;:&quot;yes&quot;,&quot;speed&quot;:500,&quot;image_spacing_custom_tablet&quot;:{&quot;unit&quot;:&quot;px&quot;,&quot;size&quot;:&quot;&quot;,&quot;sizes&quot;:[]},&quot;image_spacing_custom_mobile&quot;:{&quot;unit&quot;:&quot;px&quot;,&quot;size&quot;:&quot;&quot;,&quot;sizes&quot;:[]}}\" data-widget_type=\"image-carousel.default\">\n\t\t\t\t<div class=\"elementor-widget-container\">\n\t\t\t\t\t\t\t<div class=\"elementor-image-carousel-wrapper swiper\" role=\"region\" aria-roledescription=\"carousel\" aria-label=\"Image Carousel\" dir=\"ltr\">\n\t\t\t<div class=\"elementor-image-carousel swiper-wrapper\" aria-live=\"off\">\n\t\t\t\t\t\t\t\t<div class=\"swiper-slide\" role=\"group\" aria-roledescription=\"slide\" aria-label=\"1 of 4\"><figure class=\"swiper-slide-inner\"><img decoding=\"async\" class=\"swiper-slide-image\" src=\"https:\/\/shyrispro.com\/wp-content\/uploads\/2024\/04\/salida-de-tubo.jpeg\" alt=\"salida de tubo\" \/><\/figure><\/div><div class=\"swiper-slide\" role=\"group\" aria-roledescription=\"slide\" aria-label=\"2 of 4\"><figure class=\"swiper-slide-inner\"><img decoding=\"async\" class=\"swiper-slide-image\" src=\"https:\/\/shyrispro.com\/wp-content\/uploads\/2024\/04\/salida-de-tubos-dentro-del-tanque-e1713211524633.jpeg\" alt=\"salida de tubos dentro del tanque\" \/><\/figure><\/div><div class=\"swiper-slide\" role=\"group\" aria-roledescription=\"slide\" aria-label=\"3 of 4\"><figure class=\"swiper-slide-inner\"><img decoding=\"async\" class=\"swiper-slide-image\" src=\"https:\/\/shyrispro.com\/wp-content\/uploads\/2024\/04\/linea-de-tanques.jpeg\" alt=\"linea de tanques\" \/><\/figure><\/div><div class=\"swiper-slide\" role=\"group\" aria-roledescription=\"slide\" aria-label=\"4 of 4\"><figure class=\"swiper-slide-inner\"><img decoding=\"async\" class=\"swiper-slide-image\" src=\"https:\/\/shyrispro.com\/wp-content\/uploads\/2024\/04\/linea-de-manguera-con-tanques.jpeg\" alt=\"linea de manguera con tanques\" \/><\/figure><\/div>\t\t\t<\/div>\n\t\t\t\t\t\t\t\t\t\t\t\t<div class=\"elementor-swiper-button elementor-swiper-button-prev\" role=\"button\" tabindex=\"0\">\n\t\t\t\t\t\t<svg aria-hidden=\"true\" class=\"e-font-icon-svg e-eicon-chevron-left\" viewBox=\"0 0 1000 1000\" xmlns=\"http:\/\/www.w3.org\/2000\/svg\"><path d=\"M646 125C629 125 613 133 604 142L308 442C296 454 292 471 292 487 292 504 296 521 308 533L604 854C617 867 629 875 646 875 663 875 679 871 692 858 704 846 713 829 713 812 713 796 708 779 692 767L438 487 692 225C700 217 708 204 708 187 708 171 704 154 692 142 675 129 663 125 646 125Z\"><\/path><\/svg>\t\t\t\t\t<\/div>\n\t\t\t\t\t<div class=\"elementor-swiper-button elementor-swiper-button-next\" role=\"button\" tabindex=\"0\">\n\t\t\t\t\t\t<svg aria-hidden=\"true\" class=\"e-font-icon-svg e-eicon-chevron-right\" viewBox=\"0 0 1000 1000\" xmlns=\"http:\/\/www.w3.org\/2000\/svg\"><path d=\"M696 533C708 521 713 504 713 487 713 471 708 454 696 446L400 146C388 133 375 125 354 125 338 125 325 129 313 142 300 154 292 171 292 187 292 204 296 221 308 233L563 492 304 771C292 783 288 800 288 817 288 833 296 850 308 863 321 871 338 875 354 875 371 875 388 867 400 854L696 533Z\"><\/path><\/svg>\t\t\t\t\t<\/div>\n\t\t\t\t\n\t\t\t\t\t\t\t\t\t<div class=\"swiper-pagination\"><\/div>\n\t\t\t\t\t\t\t\t\t<\/div>\n\t\t\t\t\t\t<\/div>\n\t\t\t\t<\/div>\n\t\t\t\t\t<\/div>\n\t\t\t\t<\/div>\n\t\t<div class=\"elementor-element elementor-element-4a66f21d e-flex e-con-boxed e-con e-parent\" data-id=\"4a66f21d\" data-element_type=\"container\">\n\t\t\t\t\t<div class=\"e-con-inner\">\n\t\t\t\t<div class=\"elementor-element elementor-element-4b050a51 elementor-skin-coverflow elementor-arrows-yes elementor-pagination-type-bullets elementor-pagination-position-outside elementor-widget elementor-widget-media-carousel\" data-id=\"4b050a51\" data-element_type=\"widget\" data-settings=\"{&quot;skin&quot;:&quot;coverflow&quot;,&quot;space_between&quot;:{&quot;unit&quot;:&quot;px&quot;,&quot;size&quot;:0,&quot;sizes&quot;:[]},&quot;show_arrows&quot;:&quot;yes&quot;,&quot;pagination&quot;:&quot;bullets&quot;,&quot;speed&quot;:500,&quot;autoplay&quot;:&quot;yes&quot;,&quot;autoplay_speed&quot;:5000,&quot;loop&quot;:&quot;yes&quot;,&quot;pause_on_hover&quot;:&quot;yes&quot;,&quot;pause_on_interaction&quot;:&quot;yes&quot;,&quot;space_between_tablet&quot;:{&quot;unit&quot;:&quot;px&quot;,&quot;size&quot;:10,&quot;sizes&quot;:[]},&quot;space_between_mobile&quot;:{&quot;unit&quot;:&quot;px&quot;,&quot;size&quot;:10,&quot;sizes&quot;:[]}}\" data-widget_type=\"media-carousel.default\">\n\t\t\t\t<div class=\"elementor-widget-container\">\n\t\t\t\t\t\t\t<div class=\"elementor-swiper\">\n\t\t\t<div class=\"elementor-main-swiper swiper\">\n\t\t\t\t<div class=\"swiper-wrapper\">\n\t\t\t\t\t\t\t\t\t\t\t<div class=\"swiper-slide\">\n\t\t\t\t\t\t\t<a href=\"http:\/\/shyrispro.com\/index.php\/dispensadores\/\">\t\t<div class=\"elementor-carousel-image\" role=\"img\" aria-label=\"DISPENSADOR BIG SQUIRT 1 PROD-2 MANG, 25GPM COD. BD3812-25\" style=\"background-image: url(&#039;https:\/\/shyrispro.com\/wp-content\/uploads\/2024\/02\/Dispensador.png&#039;)\">\n\n\t\t\t\n\t\t\t\t\t<\/div>\n\t\t\t\t\t<div class=\"elementor-carousel-image-overlay e-overlay-animation-fade\">\n\t\t\t\tDISPENSADOR BIG SQUIRT 1 PROD-2 MANG, 25GPM\t\t\t<\/div>\n\t\t\t<\/a>\t\t\t\t\t\t<\/div>\n\t\t\t\t\t\t\t\t\t\t\t<div class=\"swiper-slide\">\n\t\t\t\t\t\t\t<a href=\"https:\/\/shyrispro.com\/index.php\/calibrador-volumetrico\/\">\t\t<div class=\"elementor-carousel-image\" role=\"img\" aria-label=\"CALIBRADOR VOLUMETRICO\" style=\"background-image: url(&#039;https:\/\/shyrispro.com\/wp-content\/uploads\/2024\/03\/sin-nombre-3.png&#039;)\">\n\n\t\t\t\n\t\t\t\t\t<\/div>\n\t\t\t\t\t<div class=\"elementor-carousel-image-overlay e-overlay-animation-fade\">\n\t\t\t\tCALIBRADOR VOLUMETRICO\t\t\t<\/div>\n\t\t\t<\/a>\t\t\t\t\t\t<\/div>\n\t\t\t\t\t\t\t\t\t\t\t<div class=\"swiper-slide\">\n\t\t\t\t\t\t\t<a href=\"http:\/\/shyrispro.com\/index.php\/filtros\/\">\t\t<div class=\"elementor-carousel-image\" role=\"img\" aria-label=\"Filtros\" style=\"background-image: url(&#039;https:\/\/shyrispro.com\/wp-content\/uploads\/2024\/02\/todos-los-filtros.png&#039;)\">\n\n\t\t\t\n\t\t\t\t\t<\/div>\n\t\t\t\t\t<div class=\"elementor-carousel-image-overlay e-overlay-animation-fade\">\n\t\t\t\tFILTROS\t\t\t<\/div>\n\t\t\t<\/a>\t\t\t\t\t\t<\/div>\n\t\t\t\t\t\t\t\t\t\t\t<div class=\"swiper-slide\">\n\t\t\t\t\t\t\t<a href=\"https:\/\/shyrispro.com\/index.php\/valvula-de-seguridad\/\">\t\t<div class=\"elementor-carousel-image\" role=\"img\" aria-label=\"V\u00e1lvula de seguridad, universal 1 1\/2&quot; N COD. HLUVS1-5\" style=\"background-image: url(&#039;https:\/\/shyrispro.com\/wp-content\/uploads\/2024\/02\/521RMS-15-Male-Safety-Valve.png&#039;)\">\n\n\t\t\t\n\t\t\t\t\t<\/div>\n\t\t\t\t\t<div class=\"elementor-carousel-image-overlay e-overlay-animation-fade\">\n\t\t\t\tV\u00e1lvula de seguridad, universal 1 1\/2\" N COD. HLUVS1-5\t\t\t<\/div>\n\t\t\t<\/a>\t\t\t\t\t\t<\/div>\n\t\t\t\t\t\t\t\t\t\t\t<div class=\"swiper-slide\">\n\t\t\t\t\t\t\t<a href=\"https:\/\/shyrispro.com\/index.php\/pistola\/\">\t\t<div class=\"elementor-carousel-image\" role=\"img\" aria-label=\"PISTOLAS COD\" style=\"background-image: url(&#039;https:\/\/shyrispro.com\/wp-content\/uploads\/2024\/02\/159404N-Vehiculos-pequenos-3-4-1.png&#039;)\">\n\n\t\t\t\n\t\t\t\t\t<\/div>\n\t\t\t\t\t<div class=\"elementor-carousel-image-overlay e-overlay-animation-fade\">\n\t\t\t\tPISTOLAS COD\t\t\t<\/div>\n\t\t\t<\/a>\t\t\t\t\t\t<\/div>\n\t\t\t\t\t\t\t\t\t\t\t<div class=\"swiper-slide\">\n\t\t\t\t\t\t\t<a href=\"https:\/\/shyrispro.com\/index.php\/capacitor\/\">\t\t<div class=\"elementor-carousel-image\" role=\"img\" aria-label=\"CAPACITOR 40 MFD PARA BOMBA SUMERGIBLE\" style=\"background-image: url(&#039;https:\/\/shyrispro.com\/wp-content\/uploads\/2024\/02\/Capacitor-Asy-40-MED-Spare-Part.png&#039;)\">\n\n\t\t\t\n\t\t\t\t\t<\/div>\n\t\t\t\t\t<div class=\"elementor-carousel-image-overlay e-overlay-animation-fade\">\n\t\t\t\tCAPACITOR 40 MFD PARA BOMBA SUMERGIBLE\t\t\t<\/div>\n\t\t\t<\/a>\t\t\t\t\t\t<\/div>\n\t\t\t\t\t\t\t\t\t\t\t<div class=\"swiper-slide\">\n\t\t\t\t\t\t\t<a href=\"https:\/\/shyrispro.com\/index.php\/valvula-de-sobre-llenado\/#presure\">\t\t<div class=\"elementor-carousel-image\" role=\"img\" aria-label=\"V\u00c1LVULA DE VENTEO DE ALTO FLUJO DE SALIDA DE GAS\" style=\"background-image: url(&#039;https:\/\/shyrispro.com\/wp-content\/uploads\/2024\/02\/Valvula-de-venteo-2-lado-1.png&#039;)\">\n\n\t\t\t\n\t\t\t\t\t<\/div>\n\t\t\t\t\t<div class=\"elementor-carousel-image-overlay e-overlay-animation-fade\">\n\t\t\t\tV\u00c1LVULA DE VENTEO DE ALTO FLUJO DE SALIDA DE GAS\t\t\t<\/div>\n\t\t\t<\/a>\t\t\t\t\t\t<\/div>\n\t\t\t\t\t\t\t\t\t\t\t<div class=\"swiper-slide\">\n\t\t\t\t\t\t\t<a href=\"https:\/\/shyrispro.com\/index.php\/flexos\/\">\t\t<div class=\"elementor-carousel-image\" role=\"img\" aria-label=\"FIREFLEX CONN\" style=\"background-image: url(&#039;https:\/\/shyrispro.com\/wp-content\/uploads\/2024\/03\/FIREFLEX-CONN-1.png&#039;)\">\n\n\t\t\t\n\t\t\t\t\t<\/div>\n\t\t\t\t\t<div class=\"elementor-carousel-image-overlay e-overlay-animation-fade\">\n\t\t\t\tFIREFLEX CONN\t\t\t<\/div>\n\t\t\t<\/a>\t\t\t\t\t\t<\/div>\n\t\t\t\t\t\t\t\t\t\t\t<div class=\"swiper-slide\">\n\t\t\t\t\t\t\t<a href=\"https:\/\/shyrispro.com\/index.php\/teflon-en-pasta-para-combustibless04\/\">\t\t<div class=\"elementor-carousel-image\" role=\"img\" aria-label=\"Tefl\u00f3n en pasta para CombustibleSS04\" style=\"background-image: url(&#039;https:\/\/shyrispro.com\/wp-content\/uploads\/2024\/02\/2-Gasoila.png&#039;)\">\n\n\t\t\t\n\t\t\t\t\t<\/div>\n\t\t\t\t\t<div class=\"elementor-carousel-image-overlay e-overlay-animation-fade\">\n\t\t\t\tTefl\u00f3n en pasta para CombustibleSS04\t\t\t<\/div>\n\t\t\t<\/a>\t\t\t\t\t\t<\/div>\n\t\t\t\t\t\t\t\t\t\t\t<div class=\"swiper-slide\">\n\t\t\t\t\t\t\t<a href=\"http:\/\/shyrispro.com\/index.php\/pasta-para-medir-nivel-de-combustibles\/\">\t\t<div class=\"elementor-carousel-image\" role=\"img\" aria-label=\"PASTA PARA MEDIR NIVEL DE COMBUSTIBLES - EMBASE TIPO POMO DE 2.25 Oz.\" style=\"background-image: url(&#039;https:\/\/shyrispro.com\/wp-content\/uploads\/2024\/03\/Korol-Kut-Paste.png&#039;)\">\n\n\t\t\t\n\t\t\t\t\t<\/div>\n\t\t\t\t\t<div class=\"elementor-carousel-image-overlay e-overlay-animation-fade\">\n\t\t\t\tPASTA PARA MEDIR NIVEL DE COMBUSTIBLES - EMBASE TIPO POMO DE 2.25 Oz.\t\t\t<\/div>\n\t\t\t<\/a>\t\t\t\t\t\t<\/div>\n\t\t\t\t\t\t\t\t\t\t\t<div class=\"swiper-slide\">\n\t\t\t\t\t\t\t<a href=\"https:\/\/shyrispro.com\/index.php\/consola-monitoreo-evo200d\/\">\t\t<div class=\"elementor-carousel-image\" role=\"img\" aria-label=\"CONSOLA MONITOREO EVO200D\" style=\"background-image: url(&#039;https:\/\/shyrispro.com\/wp-content\/uploads\/2024\/02\/EVO-Franklin-Fueling-Systems-lateral-1.png&#039;)\">\n\n\t\t\t\n\t\t\t\t\t<\/div>\n\t\t\t\t\t<div class=\"elementor-carousel-image-overlay e-overlay-animation-fade\">\n\t\t\t\tCONSOLA MONITOREO EVO200D\t\t\t<\/div>\n\t\t\t<\/a>\t\t\t\t\t\t<\/div>\n\t\t\t\t\t\t\t\t\t\t\t<div class=\"swiper-slide\">\n\t\t\t\t\t\t\t<a href=\"https:\/\/shyrispro.com\/index.php\/kit-de-instalacion-de-sonda\/\">\t\t<div class=\"elementor-carousel-image\" role=\"img\" aria-label=\"KIT DE INSTALACI\u00d3N DE SONDA DE 4&quot;\" style=\"background-image: url(&#039;https:\/\/shyrispro.com\/wp-content\/uploads\/2024\/03\/INV-PROBE-INSTALL-RIT-4-INCH-RISERS-NPT.png&#039;)\">\n\n\t\t\t\n\t\t\t\t\t<\/div>\n\t\t\t\t\t<div class=\"elementor-carousel-image-overlay e-overlay-animation-fade\">\n\t\t\t\tKIT DE INSTALACI\u00d3N DE SONDA DE 4\"\t\t\t<\/div>\n\t\t\t<\/a>\t\t\t\t\t\t<\/div>\n\t\t\t\t\t\t\t\t\t<\/div>\n\t\t\t\t\t\t\t\t\t\t\t\t\t\t\t<div class=\"swiper-pagination\"><\/div>\n\t\t\t\t\t\t\t\t\t\t\t\t\t\t\t\t<div class=\"elementor-swiper-button elementor-swiper-button-prev\" role=\"button\" tabindex=\"0\">\n\t\t\t\t\t\t\t<svg aria-hidden=\"true\" class=\"e-font-icon-svg e-eicon-chevron-left\" viewBox=\"0 0 1000 1000\" xmlns=\"http:\/\/www.w3.org\/2000\/svg\"><path d=\"M646 125C629 125 613 133 604 142L308 442C296 454 292 471 292 487 292 504 296 521 308 533L604 854C617 867 629 875 646 875 663 875 679 871 692 858 704 846 713 829 713 812 713 796 708 779 692 767L438 487 692 225C700 217 708 204 708 187 708 171 704 154 692 142 675 129 663 125 646 125Z\"><\/path><\/svg>\t\t\t\t\t\t\t<span class=\"elementor-screen-only\">Previous<\/span>\n\t\t\t\t\t\t<\/div>\n\t\t\t\t\t\t<div class=\"elementor-swiper-button elementor-swiper-button-next\" role=\"button\" tabindex=\"0\">\n\t\t\t\t\t\t\t<svg aria-hidden=\"true\" class=\"e-font-icon-svg e-eicon-chevron-right\" viewBox=\"0 0 1000 1000\" xmlns=\"http:\/\/www.w3.org\/2000\/svg\"><path d=\"M696 533C708 521 713 504 713 487 713 471 708 454 696 446L400 146C388 133 375 125 354 125 338 125 325 129 313 142 300 154 292 171 292 187 292 204 296 221 308 233L563 492 304 771C292 783 288 800 288 817 288 833 296 850 308 863 321 871 338 875 354 875 371 875 388 867 400 854L696 533Z\"><\/path><\/svg>\t\t\t\t\t\t\t<span class=\"elementor-screen-only\">Next<\/span>\n\t\t\t\t\t\t<\/div>\n\t\t\t\t\t\t\t\t\t\t\t\t<\/div>\n\t\t<\/div>\n\t\t\t\t\t\t<\/div>\n\t\t\t\t<\/div>\n\t\t\t\t\t<\/div>\n\t\t\t\t<\/div>\n\t\t\t\t<\/div>\n\t\t","protected":false},"excerpt":{"rendered":"<p>Sumideros para dispensadores de combustibles Sumideros para dispensadores de combustibles Los sumideros para dispensadores de combustibles son dispositivos dise\u00f1ados para recoger y drenar l\u00edquidos derramados o excesos de combustible que puedan ocurrir durante el proceso de abastecimiento en estaciones de servicio u otras instalaciones similares. A continuaci\u00f3n, te proporciono una descripci\u00f3n detallada de este producto: [&hellip;]<\/p>\n","protected":false},"author":1,"featured_media":0,"parent":0,"menu_order":0,"comment_status":"closed","ping_status":"closed","template":"","meta":{"footnotes":""},"class_list":["post-1192","page","type-page","status-publish","hentry"],"_links":{"self":[{"href":"https:\/\/shyrispro.com\/index.php\/wp-json\/wp\/v2\/pages\/1192","targetHints":{"allow":["GET"]}}],"collection":[{"href":"https:\/\/shyrispro.com\/index.php\/wp-json\/wp\/v2\/pages"}],"about":[{"href":"https:\/\/shyrispro.com\/index.php\/wp-json\/wp\/v2\/types\/page"}],"author":[{"embeddable":true,"href":"https:\/\/shyrispro.com\/index.php\/wp-json\/wp\/v2\/users\/1"}],"replies":[{"embeddable":true,"href":"https:\/\/shyrispro.com\/index.php\/wp-json\/wp\/v2\/comments?post=1192"}],"version-history":[{"count":24,"href":"https:\/\/shyrispro.com\/index.php\/wp-json\/wp\/v2\/pages\/1192\/revisions"}],"predecessor-version":[{"id":2750,"href":"https:\/\/shyrispro.com\/index.php\/wp-json\/wp\/v2\/pages\/1192\/revisions\/2750"}],"wp:attachment":[{"href":"https:\/\/shyrispro.com\/index.php\/wp-json\/wp\/v2\/media?parent=1192"}],"curies":[{"name":"wp","href":"https:\/\/api.w.org\/{rel}","templated":true}]}}