{"id":2086,"date":"2024-03-26T22:03:07","date_gmt":"2024-03-26T21:03:07","guid":{"rendered":"https:\/\/shyrispro.com\/?page_id=2086"},"modified":"2024-03-27T23:18:54","modified_gmt":"2024-03-27T22:18:54","slug":"swivels","status":"publish","type":"page","link":"https:\/\/shyrispro.com\/index.php\/swivels\/","title":{"rendered":"swivels"},"content":{"rendered":"\t\t<div data-elementor-type=\"wp-page\" data-elementor-id=\"2086\" class=\"elementor elementor-2086\" data-elementor-post-type=\"page\">\n\t\t\t\t<div class=\"elementor-element elementor-element-26d85236 e-flex e-con-boxed e-con e-parent\" data-id=\"26d85236\" data-element_type=\"container\" data-settings=\"{&quot;background_background&quot;:&quot;classic&quot;,&quot;shape_divider_bottom&quot;:&quot;pyramids&quot;}\">\n\t\t\t\t\t<div class=\"e-con-inner\">\n\t\t\t\t<div class=\"elementor-shape elementor-shape-bottom\" data-negative=\"false\">\n\t\t\t<svg xmlns=\"http:\/\/www.w3.org\/2000\/svg\" viewBox=\"0 0 1000 100\" preserveAspectRatio=\"none\">\n\t<path class=\"elementor-shape-fill\" d=\"M761.9,44.1L643.1,27.2L333.8,98L0,3.8V0l1000,0v3.9\"\/>\n<\/svg>\t\t<\/div>\n\t\t\t\t<div class=\"elementor-element elementor-element-1ddbc1e9 elementor-widget elementor-widget-heading\" data-id=\"1ddbc1e9\" data-element_type=\"widget\" data-widget_type=\"heading.default\">\n\t\t\t\t<div class=\"elementor-widget-container\">\n\t\t\t\t\t<h1 class=\"elementor-heading-title elementor-size-default\">Swivels<\/h1>\t\t\t\t<\/div>\n\t\t\t\t<\/div>\n\t\t\t\t\t<\/div>\n\t\t\t\t<\/div>\n\t\t<div class=\"elementor-element elementor-element-2cc158e1 e-flex e-con-boxed e-con e-parent\" data-id=\"2cc158e1\" data-element_type=\"container\" id=\"swivel1\" data-settings=\"{&quot;background_background&quot;:&quot;classic&quot;}\">\n\t\t\t\t\t<div class=\"e-con-inner\">\n\t\t<div class=\"elementor-element elementor-element-666d443c e-con-full e-flex e-con e-child\" data-id=\"666d443c\" data-element_type=\"container\">\n\t\t\t\t<div class=\"elementor-element elementor-element-6aaac24a elementor-widget elementor-widget-gallery\" data-id=\"6aaac24a\" data-element_type=\"widget\" data-settings=\"{&quot;gallery_layout&quot;:&quot;masonry&quot;,&quot;columns&quot;:1,&quot;columns_tablet&quot;:1,&quot;lazyload&quot;:&quot;yes&quot;,&quot;columns_mobile&quot;:1,&quot;gap&quot;:{&quot;unit&quot;:&quot;px&quot;,&quot;size&quot;:10,&quot;sizes&quot;:[]},&quot;gap_tablet&quot;:{&quot;unit&quot;:&quot;px&quot;,&quot;size&quot;:10,&quot;sizes&quot;:[]},&quot;gap_mobile&quot;:{&quot;unit&quot;:&quot;px&quot;,&quot;size&quot;:10,&quot;sizes&quot;:[]},&quot;link_to&quot;:&quot;file&quot;,&quot;overlay_background&quot;:&quot;yes&quot;,&quot;content_hover_animation&quot;:&quot;fade-in&quot;}\" data-widget_type=\"gallery.default\">\n\t\t\t\t<div class=\"elementor-widget-container\">\n\t\t\t\t\t\t\t<div class=\"elementor-gallery__container\">\n\t\t\t\t\t\t\t<a class=\"e-gallery-item elementor-gallery-item elementor-animated-content\" href=\"https:\/\/shyrispro.com\/wp-content\/uploads\/2024\/03\/JX5860-0350.png\" data-elementor-open-lightbox=\"yes\" data-elementor-lightbox-slideshow=\"6aaac24a\" data-elementor-lightbox-title=\"SWIVEL DE 3\/4&quot; NPT\" data-e-action-hash=\"#elementor-action%3Aaction%3Dlightbox%26settings%3DeyJpZCI6MTQxMCwidXJsIjoiaHR0cHM6XC9cL3NoeXJpc3Byby5jb21cL3dwLWNvbnRlbnRcL3VwbG9hZHNcLzIwMjRcLzAzXC9KWDU4NjAtMDM1MC5wbmciLCJzbGlkZXNob3ciOiI2YWFhYzI0YSJ9\">\n\t\t\t\t\t<div class=\"e-gallery-image elementor-gallery-item__image\" data-thumbnail=\"https:\/\/shyrispro.com\/wp-content\/uploads\/2024\/03\/JX5860-0350.png\" data-width=\"1080\" data-height=\"1080\" aria-label=\"SWIVEL DE 3\/4&quot; NPT\" role=\"img\" ><\/div>\n\t\t\t\t\t\t\t\t\t\t\t<div class=\"elementor-gallery-item__overlay\"><\/div>\n\t\t\t\t\t\t\t\t\t\t\t\t\t\t<\/a>\n\t\t\t\t\t<\/div>\n\t\t\t\t\t<\/div>\n\t\t\t\t<\/div>\n\t\t\t\t<\/div>\n\t\t<div class=\"elementor-element elementor-element-458df8c3 e-con-full e-flex e-con e-child\" data-id=\"458df8c3\" data-element_type=\"container\">\n\t\t\t\t<div class=\"elementor-element elementor-element-45c691e0 elementor-widget elementor-widget-heading\" data-id=\"45c691e0\" data-element_type=\"widget\" data-widget_type=\"heading.default\">\n\t\t\t\t<div class=\"elementor-widget-container\">\n\t\t\t\t\t<h2 class=\"elementor-heading-title elementor-size-default\">Swivel<\/h2>\t\t\t\t<\/div>\n\t\t\t\t<\/div>\n\t\t\t\t<div class=\"elementor-element elementor-element-203372fe elementor-widget elementor-widget-text-editor\" data-id=\"203372fe\" data-element_type=\"widget\" data-widget_type=\"text-editor.default\">\n\t\t\t\t<div class=\"elementor-widget-container\">\n\t\t\t\t\t\t\t\t\t<p>Un &#8220;swivel&#8221; es un dispositivo mec\u00e1nico que permite que un objeto gire libremente en cualquier direcci\u00f3n alrededor de un eje fijo. Es com\u00fanmente utilizado en aplicaciones donde se requiere movimiento rotativo, como en equipos industriales, herramientas de pesca, asientos giratorios y muchas otras aplicaciones.<\/p>\t\t\t\t\t\t\t\t<\/div>\n\t\t\t\t<\/div>\n\t\t\t\t<div class=\"elementor-element elementor-element-be87c60 elementor-mobile-align-center elementor-tablet-align-center elementor-widget elementor-widget-button\" data-id=\"be87c60\" data-element_type=\"widget\" data-widget_type=\"button.default\">\n\t\t\t\t<div class=\"elementor-widget-container\">\n\t\t\t\t\t\t\t\t\t<div class=\"elementor-button-wrapper\">\n\t\t\t\t\t<a class=\"elementor-button elementor-button-link elementor-size-sm\" href=\"#\">\n\t\t\t\t\t\t<span class=\"elementor-button-content-wrapper\">\n\t\t\t\t\t\t\t\t\t<span class=\"elementor-button-text\">Comprar<\/span>\n\t\t\t\t\t<\/span>\n\t\t\t\t\t<\/a>\n\t\t\t\t<\/div>\n\t\t\t\t\t\t\t\t<\/div>\n\t\t\t\t<\/div>\n\t\t\t\t<\/div>\n\t\t\t\t\t<\/div>\n\t\t\t\t<\/div>\n\t\t<div class=\"elementor-element elementor-element-ac69281 e-flex e-con-boxed e-con e-parent\" data-id=\"ac69281\" data-element_type=\"container\" id=\"swivel2\" data-settings=\"{&quot;background_background&quot;:&quot;classic&quot;}\">\n\t\t\t\t\t<div class=\"e-con-inner\">\n\t\t<div class=\"elementor-element elementor-element-6ad5fdf e-con-full e-flex e-con e-child\" data-id=\"6ad5fdf\" data-element_type=\"container\">\n\t\t\t\t<div class=\"elementor-element elementor-element-79d6ff7 elementor-widget elementor-widget-gallery\" data-id=\"79d6ff7\" data-element_type=\"widget\" data-settings=\"{&quot;gallery_layout&quot;:&quot;masonry&quot;,&quot;columns&quot;:1,&quot;columns_tablet&quot;:1,&quot;lazyload&quot;:&quot;yes&quot;,&quot;columns_mobile&quot;:1,&quot;gap&quot;:{&quot;unit&quot;:&quot;px&quot;,&quot;size&quot;:10,&quot;sizes&quot;:[]},&quot;gap_tablet&quot;:{&quot;unit&quot;:&quot;px&quot;,&quot;size&quot;:10,&quot;sizes&quot;:[]},&quot;gap_mobile&quot;:{&quot;unit&quot;:&quot;px&quot;,&quot;size&quot;:10,&quot;sizes&quot;:[]},&quot;link_to&quot;:&quot;file&quot;,&quot;overlay_background&quot;:&quot;yes&quot;,&quot;content_hover_animation&quot;:&quot;fade-in&quot;}\" data-widget_type=\"gallery.default\">\n\t\t\t\t<div class=\"elementor-widget-container\">\n\t\t\t\t\t\t\t<div class=\"elementor-gallery__container\">\n\t\t\t\t\t\t\t<a class=\"e-gallery-item elementor-gallery-item elementor-animated-content\" href=\"https:\/\/shyrispro.com\/wp-content\/uploads\/2024\/03\/JXR660-4860.png\" data-elementor-open-lightbox=\"yes\" data-elementor-lightbox-slideshow=\"79d6ff7\" data-elementor-lightbox-title=\"SWIVEL\" data-e-action-hash=\"#elementor-action%3Aaction%3Dlightbox%26settings%3DeyJpZCI6MTQxMSwidXJsIjoiaHR0cHM6XC9cL3NoeXJpc3Byby5jb21cL3dwLWNvbnRlbnRcL3VwbG9hZHNcLzIwMjRcLzAzXC9KWFI2NjAtNDg2MC5wbmciLCJzbGlkZXNob3ciOiI3OWQ2ZmY3In0%3D\">\n\t\t\t\t\t<div class=\"e-gallery-image elementor-gallery-item__image\" data-thumbnail=\"https:\/\/shyrispro.com\/wp-content\/uploads\/2024\/03\/JXR660-4860.png\" data-width=\"1080\" data-height=\"1080\" aria-label=\"SWIVEL\" role=\"img\" ><\/div>\n\t\t\t\t\t\t\t\t\t\t\t<div class=\"elementor-gallery-item__overlay\"><\/div>\n\t\t\t\t\t\t\t\t\t\t\t\t\t\t<\/a>\n\t\t\t\t\t<\/div>\n\t\t\t\t\t<\/div>\n\t\t\t\t<\/div>\n\t\t\t\t<\/div>\n\t\t<div class=\"elementor-element elementor-element-decdbf9 e-con-full e-flex e-con e-child\" data-id=\"decdbf9\" data-element_type=\"container\">\n\t\t\t\t<div class=\"elementor-element elementor-element-b3f78e2 elementor-widget elementor-widget-heading\" data-id=\"b3f78e2\" data-element_type=\"widget\" data-widget_type=\"heading.default\">\n\t\t\t\t<div class=\"elementor-widget-container\">\n\t\t\t\t\t<h2 class=\"elementor-heading-title elementor-size-default\">Swivel<\/h2>\t\t\t\t<\/div>\n\t\t\t\t<\/div>\n\t\t\t\t<div class=\"elementor-element elementor-element-876d9fd elementor-widget elementor-widget-text-editor\" data-id=\"876d9fd\" data-element_type=\"widget\" data-widget_type=\"text-editor.default\">\n\t\t\t\t<div class=\"elementor-widget-container\">\n\t\t\t\t\t\t\t\t\t<p>Un &#8220;swivel&#8221; es un dispositivo mec\u00e1nico que permite que un objeto gire libremente en cualquier direcci\u00f3n alrededor de un eje fijo. Es com\u00fanmente utilizado en aplicaciones donde se requiere movimiento rotativo, como en equipos industriales, herramientas de pesca, asientos giratorios y muchas otras aplicaciones.<\/p>\t\t\t\t\t\t\t\t<\/div>\n\t\t\t\t<\/div>\n\t\t\t\t<div class=\"elementor-element elementor-element-e4cf99a elementor-mobile-align-center elementor-tablet-align-center elementor-widget elementor-widget-button\" data-id=\"e4cf99a\" data-element_type=\"widget\" data-widget_type=\"button.default\">\n\t\t\t\t<div class=\"elementor-widget-container\">\n\t\t\t\t\t\t\t\t\t<div class=\"elementor-button-wrapper\">\n\t\t\t\t\t<a class=\"elementor-button elementor-button-link elementor-size-sm\" href=\"#\">\n\t\t\t\t\t\t<span class=\"elementor-button-content-wrapper\">\n\t\t\t\t\t\t\t\t\t<span class=\"elementor-button-text\">Comprar<\/span>\n\t\t\t\t\t<\/span>\n\t\t\t\t\t<\/a>\n\t\t\t\t<\/div>\n\t\t\t\t\t\t\t\t<\/div>\n\t\t\t\t<\/div>\n\t\t\t\t<\/div>\n\t\t\t\t\t<\/div>\n\t\t\t\t<\/div>\n\t\t<div class=\"elementor-element elementor-element-740a28b4 e-flex e-con-boxed e-con e-parent\" data-id=\"740a28b4\" data-element_type=\"container\">\n\t\t\t\t\t<div class=\"e-con-inner\">\n\t\t\t\t<div class=\"elementor-element elementor-element-7fcbe1a8 elementor-skin-coverflow elementor-arrows-yes elementor-pagination-type-bullets elementor-pagination-position-outside elementor-widget elementor-widget-media-carousel\" data-id=\"7fcbe1a8\" data-element_type=\"widget\" data-settings=\"{&quot;skin&quot;:&quot;coverflow&quot;,&quot;space_between&quot;:{&quot;unit&quot;:&quot;px&quot;,&quot;size&quot;:0,&quot;sizes&quot;:[]},&quot;show_arrows&quot;:&quot;yes&quot;,&quot;pagination&quot;:&quot;bullets&quot;,&quot;speed&quot;:500,&quot;autoplay&quot;:&quot;yes&quot;,&quot;autoplay_speed&quot;:5000,&quot;loop&quot;:&quot;yes&quot;,&quot;pause_on_hover&quot;:&quot;yes&quot;,&quot;pause_on_interaction&quot;:&quot;yes&quot;,&quot;space_between_tablet&quot;:{&quot;unit&quot;:&quot;px&quot;,&quot;size&quot;:10,&quot;sizes&quot;:[]},&quot;space_between_mobile&quot;:{&quot;unit&quot;:&quot;px&quot;,&quot;size&quot;:10,&quot;sizes&quot;:[]}}\" data-widget_type=\"media-carousel.default\">\n\t\t\t\t<div class=\"elementor-widget-container\">\n\t\t\t\t\t\t\t<div class=\"elementor-swiper\">\n\t\t\t<div class=\"elementor-main-swiper swiper\">\n\t\t\t\t<div class=\"swiper-wrapper\">\n\t\t\t\t\t\t\t\t\t\t\t<div class=\"swiper-slide\">\n\t\t\t\t\t\t\t<a href=\"http:\/\/shyrispro.com\/index.php\/dispensadores\/\">\t\t<div class=\"elementor-carousel-image\" role=\"img\" aria-label=\"DISPENSADOR BIG SQUIRT 1 PROD-2 MANG, 25GPM COD. BD3812-25\" style=\"background-image: url(&#039;https:\/\/shyrispro.com\/wp-content\/uploads\/2024\/02\/Dispensador.png&#039;)\">\n\n\t\t\t\n\t\t\t\t\t<\/div>\n\t\t\t\t\t<div class=\"elementor-carousel-image-overlay e-overlay-animation-fade\">\n\t\t\t\tDISPENSADOR BIG SQUIRT 1 PROD-2 MANG, 25GPM\t\t\t<\/div>\n\t\t\t<\/a>\t\t\t\t\t\t<\/div>\n\t\t\t\t\t\t\t\t\t\t\t<div class=\"swiper-slide\">\n\t\t\t\t\t\t\t<a href=\"https:\/\/shyrispro.com\/index.php\/calibrador-volumetrico\/\">\t\t<div class=\"elementor-carousel-image\" role=\"img\" aria-label=\"CALIBRADOR VOLUMETRICO\" style=\"background-image: url(&#039;https:\/\/shyrispro.com\/wp-content\/uploads\/2024\/03\/sin-nombre-3.png&#039;)\">\n\n\t\t\t\n\t\t\t\t\t<\/div>\n\t\t\t\t\t<div class=\"elementor-carousel-image-overlay e-overlay-animation-fade\">\n\t\t\t\tCALIBRADOR VOLUMETRICO\t\t\t<\/div>\n\t\t\t<\/a>\t\t\t\t\t\t<\/div>\n\t\t\t\t\t\t\t\t\t\t\t<div class=\"swiper-slide\">\n\t\t\t\t\t\t\t<a href=\"http:\/\/shyrispro.com\/index.php\/filtros\/\">\t\t<div class=\"elementor-carousel-image\" role=\"img\" aria-label=\"Filtros\" style=\"background-image: url(&#039;https:\/\/shyrispro.com\/wp-content\/uploads\/2024\/02\/todos-los-filtros.png&#039;)\">\n\n\t\t\t\n\t\t\t\t\t<\/div>\n\t\t\t\t\t<div class=\"elementor-carousel-image-overlay e-overlay-animation-fade\">\n\t\t\t\tFILTROS\t\t\t<\/div>\n\t\t\t<\/a>\t\t\t\t\t\t<\/div>\n\t\t\t\t\t\t\t\t\t\t\t<div class=\"swiper-slide\">\n\t\t\t\t\t\t\t<a href=\"https:\/\/shyrispro.com\/index.php\/valvula-de-seguridad\/\">\t\t<div class=\"elementor-carousel-image\" role=\"img\" aria-label=\"V\u00e1lvula de seguridad, universal 1 1\/2&quot; N COD. HLUVS1-5\" style=\"background-image: url(&#039;https:\/\/shyrispro.com\/wp-content\/uploads\/2024\/02\/521RMS-15-Male-Safety-Valve.png&#039;)\">\n\n\t\t\t\n\t\t\t\t\t<\/div>\n\t\t\t\t\t<div class=\"elementor-carousel-image-overlay e-overlay-animation-fade\">\n\t\t\t\tV\u00e1lvula de seguridad, universal 1 1\/2\" N COD. HLUVS1-5\t\t\t<\/div>\n\t\t\t<\/a>\t\t\t\t\t\t<\/div>\n\t\t\t\t\t\t\t\t\t\t\t<div class=\"swiper-slide\">\n\t\t\t\t\t\t\t<a href=\"https:\/\/shyrispro.com\/index.php\/pistola\/\">\t\t<div class=\"elementor-carousel-image\" role=\"img\" aria-label=\"PISTOLAS COD\" style=\"background-image: url(&#039;https:\/\/shyrispro.com\/wp-content\/uploads\/2024\/02\/159404N-Vehiculos-pequenos-3-4-1.png&#039;)\">\n\n\t\t\t\n\t\t\t\t\t<\/div>\n\t\t\t\t\t<div class=\"elementor-carousel-image-overlay e-overlay-animation-fade\">\n\t\t\t\tPISTOLAS COD\t\t\t<\/div>\n\t\t\t<\/a>\t\t\t\t\t\t<\/div>\n\t\t\t\t\t\t\t\t\t\t\t<div class=\"swiper-slide\">\n\t\t\t\t\t\t\t<a href=\"https:\/\/shyrispro.com\/index.php\/capacitor\/\">\t\t<div class=\"elementor-carousel-image\" role=\"img\" aria-label=\"CAPACITOR 40 MFD PARA BOMBA SUMERGIBLE\" style=\"background-image: url(&#039;https:\/\/shyrispro.com\/wp-content\/uploads\/2024\/02\/Capacitor-Asy-40-MED-Spare-Part.png&#039;)\">\n\n\t\t\t\n\t\t\t\t\t<\/div>\n\t\t\t\t\t<div class=\"elementor-carousel-image-overlay e-overlay-animation-fade\">\n\t\t\t\tCAPACITOR 40 MFD PARA BOMBA SUMERGIBLE\t\t\t<\/div>\n\t\t\t<\/a>\t\t\t\t\t\t<\/div>\n\t\t\t\t\t\t\t\t\t\t\t<div class=\"swiper-slide\">\n\t\t\t\t\t\t\t<a href=\"https:\/\/shyrispro.com\/index.php\/valvula-de-sobre-llenado\/#presure\">\t\t<div class=\"elementor-carousel-image\" role=\"img\" aria-label=\"V\u00c1LVULA DE VENTEO DE ALTO FLUJO DE SALIDA DE GAS\" style=\"background-image: url(&#039;https:\/\/shyrispro.com\/wp-content\/uploads\/2024\/02\/Valvula-de-venteo-2-lado-1.png&#039;)\">\n\n\t\t\t\n\t\t\t\t\t<\/div>\n\t\t\t\t\t<div class=\"elementor-carousel-image-overlay e-overlay-animation-fade\">\n\t\t\t\tV\u00c1LVULA DE VENTEO DE ALTO FLUJO DE SALIDA DE GAS\t\t\t<\/div>\n\t\t\t<\/a>\t\t\t\t\t\t<\/div>\n\t\t\t\t\t\t\t\t\t\t\t<div class=\"swiper-slide\">\n\t\t\t\t\t\t\t<a href=\"https:\/\/shyrispro.com\/index.php\/flexos\/\">\t\t<div class=\"elementor-carousel-image\" role=\"img\" aria-label=\"FIREFLEX CONN\" style=\"background-image: url(&#039;https:\/\/shyrispro.com\/wp-content\/uploads\/2024\/03\/FIREFLEX-CONN-1.png&#039;)\">\n\n\t\t\t\n\t\t\t\t\t<\/div>\n\t\t\t\t\t<div class=\"elementor-carousel-image-overlay e-overlay-animation-fade\">\n\t\t\t\tFIREFLEX CONN\t\t\t<\/div>\n\t\t\t<\/a>\t\t\t\t\t\t<\/div>\n\t\t\t\t\t\t\t\t\t\t\t<div class=\"swiper-slide\">\n\t\t\t\t\t\t\t<a href=\"https:\/\/shyrispro.com\/index.php\/teflon-en-pasta-para-combustibless04\/\">\t\t<div class=\"elementor-carousel-image\" role=\"img\" aria-label=\"Tefl\u00f3n en pasta para CombustibleSS04\" style=\"background-image: url(&#039;https:\/\/shyrispro.com\/wp-content\/uploads\/2024\/02\/2-Gasoila.png&#039;)\">\n\n\t\t\t\n\t\t\t\t\t<\/div>\n\t\t\t\t\t<div class=\"elementor-carousel-image-overlay e-overlay-animation-fade\">\n\t\t\t\tTefl\u00f3n en pasta para CombustibleSS04\t\t\t<\/div>\n\t\t\t<\/a>\t\t\t\t\t\t<\/div>\n\t\t\t\t\t\t\t\t\t\t\t<div class=\"swiper-slide\">\n\t\t\t\t\t\t\t<a href=\"http:\/\/shyrispro.com\/index.php\/pasta-para-medir-nivel-de-combustibles\/\">\t\t<div class=\"elementor-carousel-image\" role=\"img\" aria-label=\"PASTA PARA MEDIR NIVEL DE COMBUSTIBLES - EMBASE TIPO POMO DE 2.25 Oz.\" style=\"background-image: url(&#039;https:\/\/shyrispro.com\/wp-content\/uploads\/2024\/03\/Korol-Kut-Paste.png&#039;)\">\n\n\t\t\t\n\t\t\t\t\t<\/div>\n\t\t\t\t\t<div class=\"elementor-carousel-image-overlay e-overlay-animation-fade\">\n\t\t\t\tPASTA PARA MEDIR NIVEL DE COMBUSTIBLES - EMBASE TIPO POMO DE 2.25 Oz.\t\t\t<\/div>\n\t\t\t<\/a>\t\t\t\t\t\t<\/div>\n\t\t\t\t\t\t\t\t\t\t\t<div class=\"swiper-slide\">\n\t\t\t\t\t\t\t<a href=\"https:\/\/shyrispro.com\/index.php\/consola-monitoreo-evo200d\/\">\t\t<div class=\"elementor-carousel-image\" role=\"img\" aria-label=\"CONSOLA MONITOREO EVO200D\" style=\"background-image: url(&#039;https:\/\/shyrispro.com\/wp-content\/uploads\/2024\/02\/EVO-Franklin-Fueling-Systems-lateral-1.png&#039;)\">\n\n\t\t\t\n\t\t\t\t\t<\/div>\n\t\t\t\t\t<div class=\"elementor-carousel-image-overlay e-overlay-animation-fade\">\n\t\t\t\tCONSOLA MONITOREO EVO200D\t\t\t<\/div>\n\t\t\t<\/a>\t\t\t\t\t\t<\/div>\n\t\t\t\t\t\t\t\t\t\t\t<div class=\"swiper-slide\">\n\t\t\t\t\t\t\t<a href=\"https:\/\/shyrispro.com\/index.php\/kit-de-instalacion-de-sonda\/\">\t\t<div class=\"elementor-carousel-image\" role=\"img\" aria-label=\"KIT DE INSTALACI\u00d3N DE SONDA DE 4&quot;\" style=\"background-image: url(&#039;https:\/\/shyrispro.com\/wp-content\/uploads\/2024\/03\/INV-PROBE-INSTALL-RIT-4-INCH-RISERS-NPT.png&#039;)\">\n\n\t\t\t\n\t\t\t\t\t<\/div>\n\t\t\t\t\t<div class=\"elementor-carousel-image-overlay e-overlay-animation-fade\">\n\t\t\t\tKIT DE INSTALACI\u00d3N DE SONDA DE 4\"\t\t\t<\/div>\n\t\t\t<\/a>\t\t\t\t\t\t<\/div>\n\t\t\t\t\t\t\t\t\t<\/div>\n\t\t\t\t\t\t\t\t\t\t\t\t\t\t\t<div class=\"swiper-pagination\"><\/div>\n\t\t\t\t\t\t\t\t\t\t\t\t\t\t\t\t<div class=\"elementor-swiper-button elementor-swiper-button-prev\" role=\"button\" tabindex=\"0\">\n\t\t\t\t\t\t\t<svg aria-hidden=\"true\" class=\"e-font-icon-svg e-eicon-chevron-left\" viewBox=\"0 0 1000 1000\" xmlns=\"http:\/\/www.w3.org\/2000\/svg\"><path d=\"M646 125C629 125 613 133 604 142L308 442C296 454 292 471 292 487 292 504 296 521 308 533L604 854C617 867 629 875 646 875 663 875 679 871 692 858 704 846 713 829 713 812 713 796 708 779 692 767L438 487 692 225C700 217 708 204 708 187 708 171 704 154 692 142 675 129 663 125 646 125Z\"><\/path><\/svg>\t\t\t\t\t\t\t<span class=\"elementor-screen-only\">Previous<\/span>\n\t\t\t\t\t\t<\/div>\n\t\t\t\t\t\t<div class=\"elementor-swiper-button elementor-swiper-button-next\" role=\"button\" tabindex=\"0\">\n\t\t\t\t\t\t\t<svg aria-hidden=\"true\" class=\"e-font-icon-svg e-eicon-chevron-right\" viewBox=\"0 0 1000 1000\" xmlns=\"http:\/\/www.w3.org\/2000\/svg\"><path d=\"M696 533C708 521 713 504 713 487 713 471 708 454 696 446L400 146C388 133 375 125 354 125 338 125 325 129 313 142 300 154 292 171 292 187 292 204 296 221 308 233L563 492 304 771C292 783 288 800 288 817 288 833 296 850 308 863 321 871 338 875 354 875 371 875 388 867 400 854L696 533Z\"><\/path><\/svg>\t\t\t\t\t\t\t<span class=\"elementor-screen-only\">Next<\/span>\n\t\t\t\t\t\t<\/div>\n\t\t\t\t\t\t\t\t\t\t\t\t<\/div>\n\t\t<\/div>\n\t\t\t\t\t\t<\/div>\n\t\t\t\t<\/div>\n\t\t\t\t\t<\/div>\n\t\t\t\t<\/div>\n\t\t\t\t<\/div>\n\t\t","protected":false},"excerpt":{"rendered":"<p>Swivels Swivel Un &#8220;swivel&#8221; es un dispositivo mec\u00e1nico que permite que un objeto gire libremente en cualquier direcci\u00f3n alrededor de un eje fijo. Es com\u00fanmente utilizado en aplicaciones donde se requiere movimiento rotativo, como en equipos industriales, herramientas de pesca, asientos giratorios y muchas otras aplicaciones. Comprar Swivel Un &#8220;swivel&#8221; es un dispositivo mec\u00e1nico que [&hellip;]<\/p>\n","protected":false},"author":1,"featured_media":0,"parent":0,"menu_order":0,"comment_status":"closed","ping_status":"closed","template":"","meta":{"footnotes":""},"class_list":["post-2086","page","type-page","status-publish","hentry"],"_links":{"self":[{"href":"https:\/\/shyrispro.com\/index.php\/wp-json\/wp\/v2\/pages\/2086","targetHints":{"allow":["GET"]}}],"collection":[{"href":"https:\/\/shyrispro.com\/index.php\/wp-json\/wp\/v2\/pages"}],"about":[{"href":"https:\/\/shyrispro.com\/index.php\/wp-json\/wp\/v2\/types\/page"}],"author":[{"embeddable":true,"href":"https:\/\/shyrispro.com\/index.php\/wp-json\/wp\/v2\/users\/1"}],"replies":[{"embeddable":true,"href":"https:\/\/shyrispro.com\/index.php\/wp-json\/wp\/v2\/comments?post=2086"}],"version-history":[{"count":16,"href":"https:\/\/shyrispro.com\/index.php\/wp-json\/wp\/v2\/pages\/2086\/revisions"}],"predecessor-version":[{"id":2190,"href":"https:\/\/shyrispro.com\/index.php\/wp-json\/wp\/v2\/pages\/2086\/revisions\/2190"}],"wp:attachment":[{"href":"https:\/\/shyrispro.com\/index.php\/wp-json\/wp\/v2\/media?parent=2086"}],"curies":[{"name":"wp","href":"https:\/\/api.w.org\/{rel}","templated":true}]}}