{"id":28,"date":"2024-02-07T21:33:45","date_gmt":"2024-02-07T20:33:45","guid":{"rendered":"https:\/\/shyrispro.com\/?page_id=28"},"modified":"2024-04-09T22:32:22","modified_gmt":"2024-04-09T20:32:22","slug":"nosotros","status":"publish","type":"page","link":"https:\/\/shyrispro.com\/index.php\/nosotros\/","title":{"rendered":"Nosotros"},"content":{"rendered":"\t\t<div data-elementor-type=\"wp-page\" data-elementor-id=\"28\" class=\"elementor elementor-28\" data-elementor-post-type=\"page\">\n\t\t\t\t<div class=\"elementor-element elementor-element-390d6c14 animated-slow e-flex e-con-boxed elementor-invisible e-con e-parent\" data-id=\"390d6c14\" data-element_type=\"container\" data-settings=\"{&quot;background_background&quot;:&quot;classic&quot;,&quot;shape_divider_bottom&quot;:&quot;pyramids&quot;,&quot;animation&quot;:&quot;fadeInDown&quot;}\">\n\t\t\t\t\t<div class=\"e-con-inner\">\n\t\t\t\t<div class=\"elementor-shape elementor-shape-bottom\" data-negative=\"false\">\n\t\t\t<svg xmlns=\"http:\/\/www.w3.org\/2000\/svg\" viewBox=\"0 0 1000 100\" preserveAspectRatio=\"none\">\n\t<path class=\"elementor-shape-fill\" d=\"M761.9,44.1L643.1,27.2L333.8,98L0,3.8V0l1000,0v3.9\"\/>\n<\/svg>\t\t<\/div>\n\t\t\t\t<div class=\"elementor-element elementor-element-35d82f22 elementor-widget elementor-widget-heading\" data-id=\"35d82f22\" data-element_type=\"widget\" data-widget_type=\"heading.default\">\n\t\t\t\t<div class=\"elementor-widget-container\">\n\t\t\t\t\t<h1 class=\"elementor-heading-title elementor-size-default\">Nosotros <\/h1>\t\t\t\t<\/div>\n\t\t\t\t<\/div>\n\t\t\t\t\t<\/div>\n\t\t\t\t<\/div>\n\t\t<div class=\"elementor-element elementor-element-828f782 e-flex e-con-boxed e-con e-parent\" data-id=\"828f782\" data-element_type=\"container\">\n\t\t\t\t\t<div class=\"e-con-inner\">\n\t\t<div class=\"elementor-element elementor-element-8836059 e-con-full animated-slow e-flex elementor-invisible e-con e-child\" data-id=\"8836059\" data-element_type=\"container\" data-settings=\"{&quot;animation&quot;:&quot;fadeInLeft&quot;}\">\n\t\t\t\t<div class=\"elementor-element elementor-element-9b4c87e elementor-widget elementor-widget-heading\" data-id=\"9b4c87e\" data-element_type=\"widget\" data-widget_type=\"heading.default\">\n\t\t\t\t<div class=\"elementor-widget-container\">\n\t\t\t\t\t<h1 class=\"elementor-heading-title elementor-size-default\">Misi\u00f3n<\/h1>\t\t\t\t<\/div>\n\t\t\t\t<\/div>\n\t\t\t\t<div class=\"elementor-element elementor-element-48aae5f elementor-widget elementor-widget-text-editor\" data-id=\"48aae5f\" data-element_type=\"widget\" data-widget_type=\"text-editor.default\">\n\t\t\t\t<div class=\"elementor-widget-container\">\n\t\t\t\t\t\t\t\t\t<p>Nuestra misi\u00f3n en Insumos y Mantenimiento para Estaciones de Gasolina es ser el socio confiable y l\u00edder en el suministro de productos de calidad y servicios integrales para la industria de estaciones de servicio en Ecuador. Nos comprometemos a ofrecer soluciones tecnol\u00f3gicas, mec\u00e1nicas y t\u00e9cnicas innovadoras que impulsen la eficiencia operativa y la sostenibilidad de nuestros clientes. Buscamos establecer relaciones s\u00f3lidas y duraderas, basadas en la confianza mutua, la integridad y el compromiso con la excelencia en cada aspecto de nuestro trabajo.<\/p>\t\t\t\t\t\t\t\t<\/div>\n\t\t\t\t<\/div>\n\t\t\t\t<\/div>\n\t\t<div class=\"elementor-element elementor-element-0877b20 e-con-full animated-slow e-flex elementor-invisible e-con e-child\" data-id=\"0877b20\" data-element_type=\"container\" data-settings=\"{&quot;animation&quot;:&quot;fadeInRight&quot;}\">\n\t\t\t\t<div class=\"elementor-element elementor-element-af6239f elementor-widget elementor-widget-heading\" data-id=\"af6239f\" data-element_type=\"widget\" data-widget_type=\"heading.default\">\n\t\t\t\t<div class=\"elementor-widget-container\">\n\t\t\t\t\t<h1 class=\"elementor-heading-title elementor-size-default\">Visi\u00f3n<\/h1>\t\t\t\t<\/div>\n\t\t\t\t<\/div>\n\t\t\t\t<div class=\"elementor-element elementor-element-64c2013 elementor-widget elementor-widget-text-editor\" data-id=\"64c2013\" data-element_type=\"widget\" data-widget_type=\"text-editor.default\">\n\t\t\t\t<div class=\"elementor-widget-container\">\n\t\t\t\t\t\t\t\t\t<p>Nuestra visi\u00f3n es ser reconocidos como el referente de excelencia y liderazgo en la industria de insumos y mantenimiento para estaciones de gasolina en Ecuador y la regi\u00f3n. Nos esforzamos por ser pioneros en la introducci\u00f3n de tecnolog\u00edas innovadoras que optimicen los procesos y maximicen la rentabilidad de nuestros clientes. Aspiramos a expandir nuestra presencia y consolidar nuestra reputaci\u00f3n como el socio preferido, ofreciendo un amplio cat\u00e1logo de productos de calidad y servicios especializados que superen las expectativas del mercado y contribuyan al desarrollo sostenible del sector energ\u00e9tico.<\/p>\t\t\t\t\t\t\t\t<\/div>\n\t\t\t\t<\/div>\n\t\t\t\t<\/div>\n\t\t\t\t\t<\/div>\n\t\t\t\t<\/div>\n\t\t<div class=\"elementor-element elementor-element-32c232f e-flex e-con-boxed e-con e-parent\" data-id=\"32c232f\" data-element_type=\"container\">\n\t\t\t\t\t<div class=\"e-con-inner\">\n\t\t\t\t<div class=\"elementor-element elementor-element-3ea8159 elementor-widget elementor-widget-heading\" data-id=\"3ea8159\" data-element_type=\"widget\" data-widget_type=\"heading.default\">\n\t\t\t\t<div class=\"elementor-widget-container\">\n\t\t\t\t\t<h2 class=\"elementor-heading-title elementor-size-default\">Linea de Tiempo<\/h2>\t\t\t\t<\/div>\n\t\t\t\t<\/div>\n\t\t\t\t\t<\/div>\n\t\t\t\t<\/div>\n\t\t\t\t<\/div>\n\t\t","protected":false},"excerpt":{"rendered":"<p>Nosotros Misi\u00f3n Nuestra misi\u00f3n en Insumos y Mantenimiento para Estaciones de Gasolina es ser el socio confiable y l\u00edder en el suministro de productos de calidad y servicios integrales para la industria de estaciones de servicio en Ecuador. Nos comprometemos a ofrecer soluciones tecnol\u00f3gicas, mec\u00e1nicas y t\u00e9cnicas innovadoras que impulsen la eficiencia operativa y la [&hellip;]<\/p>\n","protected":false},"author":1,"featured_media":0,"parent":0,"menu_order":0,"comment_status":"closed","ping_status":"closed","template":"","meta":{"footnotes":""},"class_list":["post-28","page","type-page","status-publish","hentry"],"_links":{"self":[{"href":"https:\/\/shyrispro.com\/index.php\/wp-json\/wp\/v2\/pages\/28","targetHints":{"allow":["GET"]}}],"collection":[{"href":"https:\/\/shyrispro.com\/index.php\/wp-json\/wp\/v2\/pages"}],"about":[{"href":"https:\/\/shyrispro.com\/index.php\/wp-json\/wp\/v2\/types\/page"}],"author":[{"embeddable":true,"href":"https:\/\/shyrispro.com\/index.php\/wp-json\/wp\/v2\/users\/1"}],"replies":[{"embeddable":true,"href":"https:\/\/shyrispro.com\/index.php\/wp-json\/wp\/v2\/comments?post=28"}],"version-history":[{"count":45,"href":"https:\/\/shyrispro.com\/index.php\/wp-json\/wp\/v2\/pages\/28\/revisions"}],"predecessor-version":[{"id":2375,"href":"https:\/\/shyrispro.com\/index.php\/wp-json\/wp\/v2\/pages\/28\/revisions\/2375"}],"wp:attachment":[{"href":"https:\/\/shyrispro.com\/index.php\/wp-json\/wp\/v2\/media?parent=28"}],"curies":[{"name":"wp","href":"https:\/\/api.w.org\/{rel}","templated":true}]}}