{"id":3032,"date":"2025-01-29T17:54:21","date_gmt":"2025-01-29T16:54:21","guid":{"rendered":"https:\/\/shyrispro.com\/?page_id=3032"},"modified":"2025-01-29T17:55:24","modified_gmt":"2025-01-29T16:55:24","slug":"pasta-para-medir-nivel-de-combustible-mc-cabe","status":"publish","type":"page","link":"https:\/\/shyrispro.com\/index.php\/pasta-para-medir-nivel-de-combustible-mc-cabe\/","title":{"rendered":"pasta para medir nivel de Combustible Mc Cabe"},"content":{"rendered":"\t\t<div data-elementor-type=\"wp-page\" data-elementor-id=\"3032\" class=\"elementor elementor-3032\" data-elementor-post-type=\"page\">\n\t\t\t\t<div class=\"elementor-element elementor-element-6613105d e-flex e-con-boxed e-con e-parent\" data-id=\"6613105d\" data-element_type=\"container\" data-settings=\"{&quot;background_background&quot;:&quot;classic&quot;,&quot;shape_divider_bottom&quot;:&quot;pyramids&quot;}\">\n\t\t\t\t\t<div class=\"e-con-inner\">\n\t\t\t\t<div class=\"elementor-shape elementor-shape-bottom\" data-negative=\"false\">\n\t\t\t<svg xmlns=\"http:\/\/www.w3.org\/2000\/svg\" viewBox=\"0 0 1000 100\" preserveAspectRatio=\"none\">\n\t<path class=\"elementor-shape-fill\" d=\"M761.9,44.1L643.1,27.2L333.8,98L0,3.8V0l1000,0v3.9\"\/>\n<\/svg>\t\t<\/div>\n\t\t\t\t<div class=\"elementor-element elementor-element-169dceab elementor-widget elementor-widget-heading\" data-id=\"169dceab\" data-element_type=\"widget\" data-widget_type=\"heading.default\">\n\t\t\t\t<div class=\"elementor-widget-container\">\n\t\t\t\t\t<h1 class=\"elementor-heading-title elementor-size-default\">PASTAs <\/h1>\t\t\t\t<\/div>\n\t\t\t\t<\/div>\n\t\t\t\t\t<\/div>\n\t\t\t\t<\/div>\n\t\t<div class=\"elementor-element elementor-element-13b35e66 e-flex e-con-boxed e-con e-parent\" data-id=\"13b35e66\" data-element_type=\"container\" id=\"pastaMedirCombustible\" data-settings=\"{&quot;background_background&quot;:&quot;classic&quot;}\">\n\t\t\t\t\t<div class=\"e-con-inner\">\n\t\t<div class=\"elementor-element elementor-element-55e39f83 e-con-full e-flex e-con e-child\" data-id=\"55e39f83\" data-element_type=\"container\">\n\t\t\t\t<div class=\"elementor-element elementor-element-7be64214 elementor-widget elementor-widget-gallery\" data-id=\"7be64214\" data-element_type=\"widget\" data-settings=\"{&quot;gallery_layout&quot;:&quot;masonry&quot;,&quot;columns&quot;:1,&quot;columns_tablet&quot;:1,&quot;lazyload&quot;:&quot;yes&quot;,&quot;columns_mobile&quot;:1,&quot;gap&quot;:{&quot;unit&quot;:&quot;px&quot;,&quot;size&quot;:10,&quot;sizes&quot;:[]},&quot;gap_tablet&quot;:{&quot;unit&quot;:&quot;px&quot;,&quot;size&quot;:10,&quot;sizes&quot;:[]},&quot;gap_mobile&quot;:{&quot;unit&quot;:&quot;px&quot;,&quot;size&quot;:10,&quot;sizes&quot;:[]},&quot;link_to&quot;:&quot;file&quot;,&quot;overlay_background&quot;:&quot;yes&quot;,&quot;content_hover_animation&quot;:&quot;fade-in&quot;}\" data-widget_type=\"gallery.default\">\n\t\t\t\t<div class=\"elementor-widget-container\">\n\t\t\t\t\t\t\t<div class=\"elementor-gallery__container\">\n\t\t\t\t\t\t\t<a class=\"e-gallery-item elementor-gallery-item elementor-animated-content\" href=\"https:\/\/shyrispro.com\/wp-content\/uploads\/2024\/03\/Korol-Kut-Paste.png\" data-elementor-open-lightbox=\"yes\" data-elementor-lightbox-slideshow=\"7be64214\" data-elementor-lightbox-title=\"PASTA PARA MEDIR NIVEL DE COMBUSTIBLES - EMBASE TIPO POMO DE 2.25 Oz.\" data-e-action-hash=\"#elementor-action%3Aaction%3Dlightbox%26settings%3DeyJpZCI6MTIxOCwidXJsIjoiaHR0cHM6XC9cL3NoeXJpc3Byby5jb21cL3dwLWNvbnRlbnRcL3VwbG9hZHNcLzIwMjRcLzAzXC9Lb3JvbC1LdXQtUGFzdGUucG5nIiwic2xpZGVzaG93IjoiN2JlNjQyMTQifQ%3D%3D\">\n\t\t\t\t\t<div class=\"e-gallery-image elementor-gallery-item__image\" data-thumbnail=\"https:\/\/shyrispro.com\/wp-content\/uploads\/2024\/03\/Korol-Kut-Paste.png\" data-width=\"1080\" data-height=\"1080\" aria-label=\"PASTA PARA MEDIR NIVEL DE COMBUSTIBLES - EMBASE TIPO POMO DE 2.25 Oz.\" role=\"img\" ><\/div>\n\t\t\t\t\t\t\t\t\t\t\t<div class=\"elementor-gallery-item__overlay\"><\/div>\n\t\t\t\t\t\t\t\t\t\t\t\t\t\t<\/a>\n\t\t\t\t\t<\/div>\n\t\t\t\t\t<\/div>\n\t\t\t\t<\/div>\n\t\t\t\t<\/div>\n\t\t<div class=\"elementor-element elementor-element-66a5af94 e-con-full e-flex e-con e-child\" data-id=\"66a5af94\" data-element_type=\"container\">\n\t\t\t\t<div class=\"elementor-element elementor-element-3941c645 elementor-widget elementor-widget-heading\" data-id=\"3941c645\" data-element_type=\"widget\" data-widget_type=\"heading.default\">\n\t\t\t\t<div class=\"elementor-widget-container\">\n\t\t\t\t\t<h2 class=\"elementor-heading-title elementor-size-default\">Pasta para medir nivel de agua Mc cabe - embase tipo plomo de 2.25 oz.<\/h2>\t\t\t\t<\/div>\n\t\t\t\t<\/div>\n\t\t\t\t<div class=\"elementor-element elementor-element-2a7f41a2 elementor-widget elementor-widget-text-editor\" data-id=\"2a7f41a2\" data-element_type=\"widget\" data-widget_type=\"text-editor.default\">\n\t\t\t\t<div class=\"elementor-widget-container\">\n\t\t\t\t\t\t\t\t\t<p><strong>Es<\/strong> un producto utilizado para determinar el nivel de combustible en tanques de almacenamiento subterr\u00e1neos u otros recipientes similares. A continuaci\u00f3n, una breve descripci\u00f3n de este producto:<\/p><p>Este producto consiste en una pasta especial que se aplica en una vara de medici\u00f3n y se introduce en el tanque de combustible. Al entrar en contacto con el l\u00edquido, la pasta cambia de color, lo que indica el nivel de agua presente en el tanque. La pasta es f\u00e1cil de usar y proporciona una forma r\u00e1pida y eficaz de verificar el nivel de combustible sin la necesidad de equipos electr\u00f3nicos o herramientas especializadas. Con su pr\u00e1ctico envase tipo blanco de 2.25 Oz, es conveniente de transportar y almacenar, lo que lo convierte en una herramienta \u00fatil para operadores de estaciones de servicio, t\u00e9cnicos de mantenimiento y otros profesionales de la industria del combustible.<\/p>\t\t\t\t\t\t\t\t<\/div>\n\t\t\t\t<\/div>\n\t\t\t\t<div class=\"elementor-element elementor-element-4b8a924a elementor-mobile-align-center elementor-tablet-align-center elementor-widget elementor-widget-button\" data-id=\"4b8a924a\" data-element_type=\"widget\" data-widget_type=\"button.default\">\n\t\t\t\t<div class=\"elementor-widget-container\">\n\t\t\t\t\t\t\t\t\t<div class=\"elementor-button-wrapper\">\n\t\t\t\t\t<a class=\"elementor-button elementor-button-link elementor-size-sm\" href=\"https:\/\/wa.link\/qjwic9\">\n\t\t\t\t\t\t<span class=\"elementor-button-content-wrapper\">\n\t\t\t\t\t\t\t\t\t<span class=\"elementor-button-text\">Comprar<\/span>\n\t\t\t\t\t<\/span>\n\t\t\t\t\t<\/a>\n\t\t\t\t<\/div>\n\t\t\t\t\t\t\t\t<\/div>\n\t\t\t\t<\/div>\n\t\t\t\t<\/div>\n\t\t\t\t\t<\/div>\n\t\t\t\t<\/div>\n\t\t<div class=\"elementor-element elementor-element-fbbda30 e-flex e-con-boxed e-con e-parent\" data-id=\"fbbda30\" data-element_type=\"container\" id=\"pastaAgua\" data-settings=\"{&quot;background_background&quot;:&quot;classic&quot;}\">\n\t\t\t\t\t<div class=\"e-con-inner\">\n\t\t<div class=\"elementor-element elementor-element-bddd41f e-con-full e-flex e-con e-child\" data-id=\"bddd41f\" data-element_type=\"container\">\n\t\t\t\t<div class=\"elementor-element elementor-element-2dcbced elementor-widget elementor-widget-gallery\" data-id=\"2dcbced\" data-element_type=\"widget\" data-settings=\"{&quot;gallery_layout&quot;:&quot;masonry&quot;,&quot;columns&quot;:1,&quot;columns_tablet&quot;:1,&quot;lazyload&quot;:&quot;yes&quot;,&quot;columns_mobile&quot;:1,&quot;gap&quot;:{&quot;unit&quot;:&quot;px&quot;,&quot;size&quot;:10,&quot;sizes&quot;:[]},&quot;gap_tablet&quot;:{&quot;unit&quot;:&quot;px&quot;,&quot;size&quot;:10,&quot;sizes&quot;:[]},&quot;gap_mobile&quot;:{&quot;unit&quot;:&quot;px&quot;,&quot;size&quot;:10,&quot;sizes&quot;:[]},&quot;link_to&quot;:&quot;file&quot;,&quot;overlay_background&quot;:&quot;yes&quot;,&quot;content_hover_animation&quot;:&quot;fade-in&quot;}\" data-widget_type=\"gallery.default\">\n\t\t\t\t<div class=\"elementor-widget-container\">\n\t\t\t\t\t\t\t<div class=\"elementor-gallery__container\">\n\t\t\t\t\t\t\t<a class=\"e-gallery-item elementor-gallery-item elementor-animated-content\" href=\"https:\/\/shyrispro.com\/wp-content\/uploads\/2024\/03\/Kolor-Kut.png\" data-elementor-open-lightbox=\"yes\" data-elementor-lightbox-slideshow=\"2dcbced\" data-elementor-lightbox-title=\"PASTA PARA DETECTAR AGUA EN COMBUSTIBLES - EMBASE TIPO TUBO DE 8 oz\" data-e-action-hash=\"#elementor-action%3Aaction%3Dlightbox%26settings%3DeyJpZCI6MTIxOSwidXJsIjoiaHR0cHM6XC9cL3NoeXJpc3Byby5jb21cL3dwLWNvbnRlbnRcL3VwbG9hZHNcLzIwMjRcLzAzXC9Lb2xvci1LdXQucG5nIiwic2xpZGVzaG93IjoiMmRjYmNlZCJ9\">\n\t\t\t\t\t<div class=\"e-gallery-image elementor-gallery-item__image\" data-thumbnail=\"https:\/\/shyrispro.com\/wp-content\/uploads\/2024\/03\/Kolor-Kut.png\" data-width=\"1080\" data-height=\"1080\" aria-label=\"PASTA PARA DETECTAR AGUA EN COMBUSTIBLES - EMBASE TIPO TUBO DE 8 oz\" role=\"img\" ><\/div>\n\t\t\t\t\t\t\t\t\t\t\t<div class=\"elementor-gallery-item__overlay\"><\/div>\n\t\t\t\t\t\t\t\t\t\t\t\t\t\t<\/a>\n\t\t\t\t\t<\/div>\n\t\t\t\t\t<\/div>\n\t\t\t\t<\/div>\n\t\t\t\t<\/div>\n\t\t<div class=\"elementor-element elementor-element-c338c4a e-con-full e-flex e-con e-child\" data-id=\"c338c4a\" data-element_type=\"container\">\n\t\t\t\t<div class=\"elementor-element elementor-element-6e4a270 elementor-widget elementor-widget-heading\" data-id=\"6e4a270\" data-element_type=\"widget\" data-widget_type=\"heading.default\">\n\t\t\t\t<div class=\"elementor-widget-container\">\n\t\t\t\t\t<h2 class=\"elementor-heading-title elementor-size-default\">Pasta para detectar agua en combustibles - Embace tipo tubo de 8 oz<\/h2>\t\t\t\t<\/div>\n\t\t\t\t<\/div>\n\t\t\t\t<div class=\"elementor-element elementor-element-3fc9692 elementor-widget elementor-widget-text-editor\" data-id=\"3fc9692\" data-element_type=\"widget\" data-widget_type=\"text-editor.default\">\n\t\t\t\t<div class=\"elementor-widget-container\">\n\t\t\t\t\t\t\t\t\t<p><strong>Es<\/strong> un producto utilizado para identificar la presencia de agua en tanques de almacenamiento de combustibles, como gasolina, di\u00e9sel o queroseno. Aqu\u00ed tienes una breve descripci\u00f3n de este producto:<\/p><p>Este producto consiste en una pasta especial que se aplica en una vara de medici\u00f3n y se introduce en el tanque de combustible. Cuando la pasta entra en contacto con el agua, cambia de color de manera visible, lo que indica la presencia de agua en el combustible. Esto permite a los operadores de estaciones de servicio, t\u00e9cnicos de mantenimiento y otros profesionales de la industria detectar y eliminar eficazmente el agua en los tanques de almacenamiento, lo que ayuda a prevenir problemas de rendimiento y da\u00f1os en los equipos. Gracias a su envase tipo tubo de 8 oz, este producto es f\u00e1cil de transportar y usar, lo que lo convierte en una herramienta conveniente y efectiva para mantener la calidad y la integridad de los combustibles almacenados.<\/p>\t\t\t\t\t\t\t\t<\/div>\n\t\t\t\t<\/div>\n\t\t\t\t<div class=\"elementor-element elementor-element-f2bef74 elementor-mobile-align-center elementor-tablet-align-center elementor-widget elementor-widget-button\" data-id=\"f2bef74\" data-element_type=\"widget\" data-widget_type=\"button.default\">\n\t\t\t\t<div class=\"elementor-widget-container\">\n\t\t\t\t\t\t\t\t\t<div class=\"elementor-button-wrapper\">\n\t\t\t\t\t<a class=\"elementor-button elementor-button-link elementor-size-sm\" href=\"https:\/\/wa.link\/2a5xix\">\n\t\t\t\t\t\t<span class=\"elementor-button-content-wrapper\">\n\t\t\t\t\t\t\t\t\t<span class=\"elementor-button-text\">Comprar<\/span>\n\t\t\t\t\t<\/span>\n\t\t\t\t\t<\/a>\n\t\t\t\t<\/div>\n\t\t\t\t\t\t\t\t<\/div>\n\t\t\t\t<\/div>\n\t\t\t\t<\/div>\n\t\t\t\t\t<\/div>\n\t\t\t\t<\/div>\n\t\t<div class=\"elementor-element elementor-element-1989f3d3 e-flex e-con-boxed e-con e-parent\" data-id=\"1989f3d3\" data-element_type=\"container\">\n\t\t\t\t\t<div class=\"e-con-inner\">\n\t\t\t\t<div class=\"elementor-element elementor-element-51ec889 elementor-skin-coverflow elementor-arrows-yes elementor-pagination-type-bullets elementor-pagination-position-outside elementor-widget elementor-widget-media-carousel\" data-id=\"51ec889\" data-element_type=\"widget\" data-settings=\"{&quot;skin&quot;:&quot;coverflow&quot;,&quot;space_between&quot;:{&quot;unit&quot;:&quot;px&quot;,&quot;size&quot;:0,&quot;sizes&quot;:[]},&quot;show_arrows&quot;:&quot;yes&quot;,&quot;pagination&quot;:&quot;bullets&quot;,&quot;speed&quot;:500,&quot;autoplay&quot;:&quot;yes&quot;,&quot;autoplay_speed&quot;:5000,&quot;loop&quot;:&quot;yes&quot;,&quot;pause_on_hover&quot;:&quot;yes&quot;,&quot;pause_on_interaction&quot;:&quot;yes&quot;,&quot;space_between_tablet&quot;:{&quot;unit&quot;:&quot;px&quot;,&quot;size&quot;:10,&quot;sizes&quot;:[]},&quot;space_between_mobile&quot;:{&quot;unit&quot;:&quot;px&quot;,&quot;size&quot;:10,&quot;sizes&quot;:[]}}\" data-widget_type=\"media-carousel.default\">\n\t\t\t\t<div class=\"elementor-widget-container\">\n\t\t\t\t\t\t\t<div class=\"elementor-swiper\">\n\t\t\t<div class=\"elementor-main-swiper swiper\">\n\t\t\t\t<div class=\"swiper-wrapper\">\n\t\t\t\t\t\t\t\t\t\t\t<div class=\"swiper-slide\">\n\t\t\t\t\t\t\t<a href=\"http:\/\/shyrispro.com\/index.php\/dispensadores\/\">\t\t<div class=\"elementor-carousel-image\" role=\"img\" aria-label=\"DISPENSADOR BIG SQUIRT 1 PROD-2 MANG, 25GPM COD. BD3812-25\" style=\"background-image: url(&#039;https:\/\/shyrispro.com\/wp-content\/uploads\/2024\/02\/Dispensador.png&#039;)\">\n\n\t\t\t\n\t\t\t\t\t<\/div>\n\t\t\t\t\t<div class=\"elementor-carousel-image-overlay e-overlay-animation-fade\">\n\t\t\t\tDISPENSADOR BIG SQUIRT 1 PROD-2 MANG, 25GPM\t\t\t<\/div>\n\t\t\t<\/a>\t\t\t\t\t\t<\/div>\n\t\t\t\t\t\t\t\t\t\t\t<div class=\"swiper-slide\">\n\t\t\t\t\t\t\t<a href=\"https:\/\/shyrispro.com\/index.php\/calibrador-volumetrico\/\">\t\t<div class=\"elementor-carousel-image\" role=\"img\" aria-label=\"CALIBRADOR VOLUMETRICO\" style=\"background-image: url(&#039;https:\/\/shyrispro.com\/wp-content\/uploads\/2024\/03\/sin-nombre-3.png&#039;)\">\n\n\t\t\t\n\t\t\t\t\t<\/div>\n\t\t\t\t\t<div class=\"elementor-carousel-image-overlay e-overlay-animation-fade\">\n\t\t\t\tCALIBRADOR VOLUMETRICO\t\t\t<\/div>\n\t\t\t<\/a>\t\t\t\t\t\t<\/div>\n\t\t\t\t\t\t\t\t\t\t\t<div class=\"swiper-slide\">\n\t\t\t\t\t\t\t<a href=\"http:\/\/shyrispro.com\/index.php\/filtros\/\">\t\t<div class=\"elementor-carousel-image\" role=\"img\" aria-label=\"Filtros\" style=\"background-image: url(&#039;https:\/\/shyrispro.com\/wp-content\/uploads\/2024\/02\/todos-los-filtros.png&#039;)\">\n\n\t\t\t\n\t\t\t\t\t<\/div>\n\t\t\t\t\t<div class=\"elementor-carousel-image-overlay e-overlay-animation-fade\">\n\t\t\t\tFILTROS\t\t\t<\/div>\n\t\t\t<\/a>\t\t\t\t\t\t<\/div>\n\t\t\t\t\t\t\t\t\t\t\t<div class=\"swiper-slide\">\n\t\t\t\t\t\t\t<a href=\"https:\/\/shyrispro.com\/index.php\/valvula-de-seguridad\/\">\t\t<div class=\"elementor-carousel-image\" role=\"img\" aria-label=\"V\u00e1lvula de seguridad, universal 1 1\/2&quot; N COD. HLUVS1-5\" style=\"background-image: url(&#039;https:\/\/shyrispro.com\/wp-content\/uploads\/2024\/02\/521RMS-15-Male-Safety-Valve.png&#039;)\">\n\n\t\t\t\n\t\t\t\t\t<\/div>\n\t\t\t\t\t<div class=\"elementor-carousel-image-overlay e-overlay-animation-fade\">\n\t\t\t\tV\u00e1lvula de seguridad, universal 1 1\/2\" N COD. HLUVS1-5\t\t\t<\/div>\n\t\t\t<\/a>\t\t\t\t\t\t<\/div>\n\t\t\t\t\t\t\t\t\t\t\t<div class=\"swiper-slide\">\n\t\t\t\t\t\t\t<a href=\"https:\/\/shyrispro.com\/index.php\/pistola\/\">\t\t<div class=\"elementor-carousel-image\" role=\"img\" aria-label=\"PISTOLAS COD\" style=\"background-image: url(&#039;https:\/\/shyrispro.com\/wp-content\/uploads\/2024\/02\/159404N-Vehiculos-pequenos-3-4-1.png&#039;)\">\n\n\t\t\t\n\t\t\t\t\t<\/div>\n\t\t\t\t\t<div class=\"elementor-carousel-image-overlay e-overlay-animation-fade\">\n\t\t\t\tPISTOLAS COD\t\t\t<\/div>\n\t\t\t<\/a>\t\t\t\t\t\t<\/div>\n\t\t\t\t\t\t\t\t\t\t\t<div class=\"swiper-slide\">\n\t\t\t\t\t\t\t<a href=\"https:\/\/shyrispro.com\/index.php\/capacitor\/\">\t\t<div class=\"elementor-carousel-image\" role=\"img\" aria-label=\"CAPACITOR 40 MFD PARA BOMBA SUMERGIBLE\" style=\"background-image: url(&#039;https:\/\/shyrispro.com\/wp-content\/uploads\/2024\/02\/Capacitor-Asy-40-MED-Spare-Part.png&#039;)\">\n\n\t\t\t\n\t\t\t\t\t<\/div>\n\t\t\t\t\t<div class=\"elementor-carousel-image-overlay e-overlay-animation-fade\">\n\t\t\t\tCAPACITOR 40 MFD PARA BOMBA SUMERGIBLE\t\t\t<\/div>\n\t\t\t<\/a>\t\t\t\t\t\t<\/div>\n\t\t\t\t\t\t\t\t\t\t\t<div class=\"swiper-slide\">\n\t\t\t\t\t\t\t<a href=\"https:\/\/shyrispro.com\/index.php\/valvula-de-sobre-llenado\/#presure\">\t\t<div class=\"elementor-carousel-image\" role=\"img\" aria-label=\"V\u00c1LVULA DE VENTEO DE ALTO FLUJO DE SALIDA DE GAS\" style=\"background-image: url(&#039;https:\/\/shyrispro.com\/wp-content\/uploads\/2024\/02\/Valvula-de-venteo-2-lado-1.png&#039;)\">\n\n\t\t\t\n\t\t\t\t\t<\/div>\n\t\t\t\t\t<div class=\"elementor-carousel-image-overlay e-overlay-animation-fade\">\n\t\t\t\tV\u00c1LVULA DE VENTEO DE ALTO FLUJO DE SALIDA DE GAS\t\t\t<\/div>\n\t\t\t<\/a>\t\t\t\t\t\t<\/div>\n\t\t\t\t\t\t\t\t\t\t\t<div class=\"swiper-slide\">\n\t\t\t\t\t\t\t<a href=\"https:\/\/shyrispro.com\/index.php\/flexos\/\">\t\t<div class=\"elementor-carousel-image\" role=\"img\" aria-label=\"FIREFLEX CONN\" style=\"background-image: url(&#039;https:\/\/shyrispro.com\/wp-content\/uploads\/2024\/03\/FIREFLEX-CONN-1.png&#039;)\">\n\n\t\t\t\n\t\t\t\t\t<\/div>\n\t\t\t\t\t<div class=\"elementor-carousel-image-overlay e-overlay-animation-fade\">\n\t\t\t\tFIREFLEX CONN\t\t\t<\/div>\n\t\t\t<\/a>\t\t\t\t\t\t<\/div>\n\t\t\t\t\t\t\t\t\t\t\t<div class=\"swiper-slide\">\n\t\t\t\t\t\t\t<a href=\"https:\/\/shyrispro.com\/index.php\/teflon-en-pasta-para-combustibless04\/\">\t\t<div class=\"elementor-carousel-image\" role=\"img\" aria-label=\"Tefl\u00f3n en pasta para CombustibleSS04\" style=\"background-image: url(&#039;https:\/\/shyrispro.com\/wp-content\/uploads\/2024\/02\/2-Gasoila.png&#039;)\">\n\n\t\t\t\n\t\t\t\t\t<\/div>\n\t\t\t\t\t<div class=\"elementor-carousel-image-overlay e-overlay-animation-fade\">\n\t\t\t\tTefl\u00f3n en pasta para CombustibleSS04\t\t\t<\/div>\n\t\t\t<\/a>\t\t\t\t\t\t<\/div>\n\t\t\t\t\t\t\t\t\t\t\t<div class=\"swiper-slide\">\n\t\t\t\t\t\t\t<a href=\"http:\/\/shyrispro.com\/index.php\/pasta-para-medir-nivel-de-combustibles\/\">\t\t<div class=\"elementor-carousel-image\" role=\"img\" aria-label=\"PASTA PARA MEDIR NIVEL DE COMBUSTIBLES - EMBASE TIPO POMO DE 2.25 Oz.\" style=\"background-image: url(&#039;https:\/\/shyrispro.com\/wp-content\/uploads\/2024\/03\/Korol-Kut-Paste.png&#039;)\">\n\n\t\t\t\n\t\t\t\t\t<\/div>\n\t\t\t\t\t<div class=\"elementor-carousel-image-overlay e-overlay-animation-fade\">\n\t\t\t\tPASTA PARA MEDIR NIVEL DE COMBUSTIBLES - EMBASE TIPO POMO DE 2.25 Oz.\t\t\t<\/div>\n\t\t\t<\/a>\t\t\t\t\t\t<\/div>\n\t\t\t\t\t\t\t\t\t\t\t<div class=\"swiper-slide\">\n\t\t\t\t\t\t\t<a href=\"https:\/\/shyrispro.com\/index.php\/consola-monitoreo-evo200d\/\">\t\t<div class=\"elementor-carousel-image\" role=\"img\" aria-label=\"CONSOLA MONITOREO EVO200D\" style=\"background-image: url(&#039;https:\/\/shyrispro.com\/wp-content\/uploads\/2024\/02\/EVO-Franklin-Fueling-Systems-lateral-1.png&#039;)\">\n\n\t\t\t\n\t\t\t\t\t<\/div>\n\t\t\t\t\t<div class=\"elementor-carousel-image-overlay e-overlay-animation-fade\">\n\t\t\t\tCONSOLA MONITOREO EVO200D\t\t\t<\/div>\n\t\t\t<\/a>\t\t\t\t\t\t<\/div>\n\t\t\t\t\t\t\t\t\t\t\t<div class=\"swiper-slide\">\n\t\t\t\t\t\t\t<a href=\"https:\/\/shyrispro.com\/index.php\/kit-de-instalacion-de-sonda\/\">\t\t<div class=\"elementor-carousel-image\" role=\"img\" aria-label=\"KIT DE INSTALACI\u00d3N DE SONDA DE 4&quot;\" style=\"background-image: url(&#039;https:\/\/shyrispro.com\/wp-content\/uploads\/2024\/03\/INV-PROBE-INSTALL-RIT-4-INCH-RISERS-NPT.png&#039;)\">\n\n\t\t\t\n\t\t\t\t\t<\/div>\n\t\t\t\t\t<div class=\"elementor-carousel-image-overlay e-overlay-animation-fade\">\n\t\t\t\tKIT DE INSTALACI\u00d3N DE SONDA DE 4\"\t\t\t<\/div>\n\t\t\t<\/a>\t\t\t\t\t\t<\/div>\n\t\t\t\t\t\t\t\t\t<\/div>\n\t\t\t\t\t\t\t\t\t\t\t\t\t\t\t<div class=\"swiper-pagination\"><\/div>\n\t\t\t\t\t\t\t\t\t\t\t\t\t\t\t\t<div class=\"elementor-swiper-button elementor-swiper-button-prev\" role=\"button\" tabindex=\"0\">\n\t\t\t\t\t\t\t<svg aria-hidden=\"true\" class=\"e-font-icon-svg e-eicon-chevron-left\" viewBox=\"0 0 1000 1000\" xmlns=\"http:\/\/www.w3.org\/2000\/svg\"><path d=\"M646 125C629 125 613 133 604 142L308 442C296 454 292 471 292 487 292 504 296 521 308 533L604 854C617 867 629 875 646 875 663 875 679 871 692 858 704 846 713 829 713 812 713 796 708 779 692 767L438 487 692 225C700 217 708 204 708 187 708 171 704 154 692 142 675 129 663 125 646 125Z\"><\/path><\/svg>\t\t\t\t\t\t\t<span class=\"elementor-screen-only\">Previous<\/span>\n\t\t\t\t\t\t<\/div>\n\t\t\t\t\t\t<div class=\"elementor-swiper-button elementor-swiper-button-next\" role=\"button\" tabindex=\"0\">\n\t\t\t\t\t\t\t<svg aria-hidden=\"true\" class=\"e-font-icon-svg e-eicon-chevron-right\" viewBox=\"0 0 1000 1000\" xmlns=\"http:\/\/www.w3.org\/2000\/svg\"><path d=\"M696 533C708 521 713 504 713 487 713 471 708 454 696 446L400 146C388 133 375 125 354 125 338 125 325 129 313 142 300 154 292 171 292 187 292 204 296 221 308 233L563 492 304 771C292 783 288 800 288 817 288 833 296 850 308 863 321 871 338 875 354 875 371 875 388 867 400 854L696 533Z\"><\/path><\/svg>\t\t\t\t\t\t\t<span class=\"elementor-screen-only\">Next<\/span>\n\t\t\t\t\t\t<\/div>\n\t\t\t\t\t\t\t\t\t\t\t\t<\/div>\n\t\t<\/div>\n\t\t\t\t\t\t<\/div>\n\t\t\t\t<\/div>\n\t\t\t\t\t<\/div>\n\t\t\t\t<\/div>\n\t\t\t\t<\/div>\n\t\t","protected":false},"excerpt":{"rendered":"<p>PASTAs Pasta para medir nivel de agua Mc cabe &#8211; embase tipo plomo de 2.25 oz. Es un producto utilizado para determinar el nivel de combustible en tanques de almacenamiento subterr\u00e1neos u otros recipientes similares. A continuaci\u00f3n, una breve descripci\u00f3n de este producto: Este producto consiste en una pasta especial que se aplica en una [&hellip;]<\/p>\n","protected":false},"author":1,"featured_media":0,"parent":0,"menu_order":0,"comment_status":"closed","ping_status":"closed","template":"","meta":{"footnotes":""},"class_list":["post-3032","page","type-page","status-publish","hentry"],"_links":{"self":[{"href":"https:\/\/shyrispro.com\/index.php\/wp-json\/wp\/v2\/pages\/3032","targetHints":{"allow":["GET"]}}],"collection":[{"href":"https:\/\/shyrispro.com\/index.php\/wp-json\/wp\/v2\/pages"}],"about":[{"href":"https:\/\/shyrispro.com\/index.php\/wp-json\/wp\/v2\/types\/page"}],"author":[{"embeddable":true,"href":"https:\/\/shyrispro.com\/index.php\/wp-json\/wp\/v2\/users\/1"}],"replies":[{"embeddable":true,"href":"https:\/\/shyrispro.com\/index.php\/wp-json\/wp\/v2\/comments?post=3032"}],"version-history":[{"count":4,"href":"https:\/\/shyrispro.com\/index.php\/wp-json\/wp\/v2\/pages\/3032\/revisions"}],"predecessor-version":[{"id":3036,"href":"https:\/\/shyrispro.com\/index.php\/wp-json\/wp\/v2\/pages\/3032\/revisions\/3036"}],"wp:attachment":[{"href":"https:\/\/shyrispro.com\/index.php\/wp-json\/wp\/v2\/media?parent=3032"}],"curies":[{"name":"wp","href":"https:\/\/api.w.org\/{rel}","templated":true}]}}